{"id":2763,"date":"2026-03-08T21:17:03","date_gmt":"2026-03-08T20:17:03","guid":{"rendered":"https:\/\/kiaro-skuro.com\/?post_type=product&#038;p=2763"},"modified":"2026-03-19T13:43:41","modified_gmt":"2026-03-19T12:43:41","slug":"calendrier-menstruel-annuel-2026-fr","status":"publish","type":"product","link":"https:\/\/kiaro-skuro.com\/fr\/produit\/calendrier-menstruel-annuel-2026-fr\/","title":{"rendered":"Calendrier Menstruel Annuel 2026 &#8211; FR"},"content":{"rendered":"<p>Happy women&#8217;s day!<\/p>\n<p>Pour ce jour international de la femme, avec un effort de retour vers le tactile, j\u2019ai d\u00e9cid\u00e9 de cr\u00e9er des calendriers de suivi du cycle menstruel accessible \u00e0 toutes\u00a0! Simple, gratuit, et t\u00e9l\u00e9chargeable perp\u00e9tuellement.<\/p>","protected":false},"excerpt":{"rendered":"<p>\u00c7a va nous aider \u00e0 plusieurs niveaux\u00a0:<\/p>\n<ul>\n<li>En tant que femmes, nous faisons face au risque de perdre nos droits reproductifs beaucoup plus que les hommes, donc mettre les d\u00e9tails de nos cycles menstruels dans une application qui pourrait un jour \u00eatre l\u00e9galement forc\u00e9e de partager ces d\u00e9tails est un NON.<\/li>\n<li>Pour moi, le fait de d\u00e9pendre d\u2019une application de suivi des r\u00e8gles donnait l\u2019impression d\u2019\u00eatre compl\u00e8tement d\u00e9tach\u00e9e de mon propre corps, et j\u2019avais l\u2019impression de ne plus savoir quand j\u2019allais avoir mes r\u00e8gles sans consulter mon application.<\/li>\n<li>Nous sommes devenus incroyablement d\u00e9pendants de nos t\u00e9l\u00e9phones pour tout. On pourrait dire qu\u2019il est plus simple de tout avoir sur le m\u00eame appareil, et c\u2019est certes pratique, mais aussi addictif.<\/li>\n<li>Plus nous d\u00e9pendons d\u2019un appareil \u00e9lectronique\/ \u00ab\u00a0intelligent\u00a0\u00bb pour le moindre besoin, moins nous utilisons notre cerveau, ce qui signifie que nous devenons moins intelligents.<\/li>\n<li>Voici donc ma nouvelle initiative\u00a0: un retour au tactile, renouer avec mon corps et son rythme naturel. Nos corps sont extraordinaires, mais ils ont besoin de notre aide pour fonctionner correctement et en continu. Reprenons le contr\u00f4le et tissons une nouvelle relation, lois des \u00e9crans, avec nos cycles.<\/li>\n<li>Cela nous obligera aussi \u00e0 faire une pause, \u00e0 respirer et \u00e0 prendre soin activement de notre sant\u00e9. Si nous prenons le temps de prendre un stylo et du papier et de noter ce que notre corps ressent, quand il le ressent, comment, etc., nous nous sentirons progressivement mieux, surtout \u00e0 long terme. Nous n\u2019\u00e9tions pas cens\u00e9es \u00eatre scotch\u00e9es \u00e0 un \u00e9cran 24 h\/24 et 7 j \/7.<\/li>\n<\/ul>","protected":false},"featured_media":2765,"comment_status":"open","ping_status":"closed","template":"","meta":{"jetpack_publicize_message":"","jetpack_publicize_feature_enabled":true,"jetpack_social_post_already_shared":false,"jetpack_social_options":{"image_generator_settings":{"template":"highway","default_image_id":0,"font":"","enabled":false},"version":2}},"product_brand":[],"product_cat":[70,147],"product_tag":[],"class_list":{"0":"post-2763","1":"product","2":"type-product","3":"status-publish","4":"has-post-thumbnail","6":"product_cat-instant-download","7":"product_cat-free-period-tracking-calendar","9":"first","10":"instock","11":"downloadable","12":"virtual","13":"taxable","14":"purchasable","15":"product-type-simple","16":"add-to-wishlist-before_image"},"jetpack_publicize_connections":[],"jetpack_sharing_enabled":true,"_links":{"self":[{"href":"https:\/\/kiaro-skuro.com\/fr\/wp-json\/wp\/v2\/product\/2763","targetHints":{"allow":["GET"]}}],"collection":[{"href":"https:\/\/kiaro-skuro.com\/fr\/wp-json\/wp\/v2\/product"}],"about":[{"href":"https:\/\/kiaro-skuro.com\/fr\/wp-json\/wp\/v2\/types\/product"}],"replies":[{"embeddable":true,"href":"https:\/\/kiaro-skuro.com\/fr\/wp-json\/wp\/v2\/comments?post=2763"}],"wp:featuredmedia":[{"embeddable":true,"href":"https:\/\/kiaro-skuro.com\/fr\/wp-json\/wp\/v2\/media\/2765"}],"wp:attachment":[{"href":"https:\/\/kiaro-skuro.com\/fr\/wp-json\/wp\/v2\/media?parent=2763"}],"wp:term":[{"taxonomy":"product_brand","embeddable":true,"href":"https:\/\/kiaro-skuro.com\/fr\/wp-json\/wp\/v2\/product_brand?post=2763"},{"taxonomy":"product_cat","embeddable":true,"href":"https:\/\/kiaro-skuro.com\/fr\/wp-json\/wp\/v2\/product_cat?post=2763"},{"taxonomy":"product_tag","embeddable":true,"href":"https:\/\/kiaro-skuro.com\/fr\/wp-json\/wp\/v2\/product_tag?post=2763"}],"curies":[{"name":"wp","href":"https:\/\/api.w.org\/{rel}","templated":true}]}}