{"id":2635,"date":"2025-10-10T16:17:48","date_gmt":"2025-10-10T15:17:48","guid":{"rendered":"https:\/\/kiaro-skuro.com\/?post_type=product&#038;p=2635"},"modified":"2026-01-25T13:28:42","modified_gmt":"2026-01-25T12:28:42","slug":"stress-balls","status":"publish","type":"product","link":"https:\/\/kiaro-skuro.com\/fr\/produit\/stress-balls\/","title":{"rendered":"Stress Balls"},"content":{"rendered":"<p>Soft, mushy, fluffy, and comfy crocheted stress balls to accompany you in your daily tasks!<\/p>\n<p>A perfect gift for someone with anxiety, hands that cramp, or just likes the shape of a ball!<\/p>\n<p>Made to order.<\/p>\n<p>Available in 4 colours right now, more to come!<\/p>","protected":false},"excerpt":{"rendered":"<ul>\n<li><strong data-start=\"547\" data-end=\"617\">Durable &amp; Fait main\u00a0<\/strong><strong>\u2013 Confectionn\u00e9s avec soin \u00e0 partir de mat\u00e9riaux recycl\u00e9s.<\/strong><\/li>\n<li><strong data-start=\"622\" data-end=\"693\">Doux mais r\u00e9sistants\u00a0<\/strong><strong>\u2013 Gets back to original shape regardless of squeezing.<\/strong><\/li>\n<li><strong>Made to order.<\/strong><\/li>\n<li><strong>New colours to be added.<\/strong><\/li>\n<\/ul>","protected":false},"featured_media":2666,"comment_status":"open","ping_status":"closed","template":"","meta":{"jetpack_publicize_message":"","jetpack_publicize_feature_enabled":true,"jetpack_social_post_already_shared":false,"jetpack_social_options":{"image_generator_settings":{"template":"highway","default_image_id":0,"font":"","enabled":false},"version":2}},"product_brand":[],"product_cat":[48,59],"product_tag":[],"class_list":{"0":"post-2635","1":"product","2":"type-product","3":"status-publish","4":"has-post-thumbnail","6":"product_cat-crochet-goods","7":"product_cat-handmade","9":"first","10":"instock","11":"taxable","12":"shipping-taxable","13":"purchasable","14":"product-type-variable","15":"add-to-wishlist-before_image"},"jetpack_publicize_connections":[],"jetpack_sharing_enabled":true,"_links":{"self":[{"href":"https:\/\/kiaro-skuro.com\/fr\/wp-json\/wp\/v2\/product\/2635","targetHints":{"allow":["GET"]}}],"collection":[{"href":"https:\/\/kiaro-skuro.com\/fr\/wp-json\/wp\/v2\/product"}],"about":[{"href":"https:\/\/kiaro-skuro.com\/fr\/wp-json\/wp\/v2\/types\/product"}],"replies":[{"embeddable":true,"href":"https:\/\/kiaro-skuro.com\/fr\/wp-json\/wp\/v2\/comments?post=2635"}],"wp:featuredmedia":[{"embeddable":true,"href":"https:\/\/kiaro-skuro.com\/fr\/wp-json\/wp\/v2\/media\/2666"}],"wp:attachment":[{"href":"https:\/\/kiaro-skuro.com\/fr\/wp-json\/wp\/v2\/media?parent=2635"}],"wp:term":[{"taxonomy":"product_brand","embeddable":true,"href":"https:\/\/kiaro-skuro.com\/fr\/wp-json\/wp\/v2\/product_brand?post=2635"},{"taxonomy":"product_cat","embeddable":true,"href":"https:\/\/kiaro-skuro.com\/fr\/wp-json\/wp\/v2\/product_cat?post=2635"},{"taxonomy":"product_tag","embeddable":true,"href":"https:\/\/kiaro-skuro.com\/fr\/wp-json\/wp\/v2\/product_tag?post=2635"}],"curies":[{"name":"wp","href":"https:\/\/api.w.org\/{rel}","templated":true}]}}