{"id":2589,"date":"2025-09-26T16:22:50","date_gmt":"2025-09-26T15:22:50","guid":{"rendered":"https:\/\/kiaro-skuro.com\/product\/i-choose-me-unisex-classic-t-shirt\/"},"modified":"2026-04-17T10:41:45","modified_gmt":"2026-04-17T09:41:45","slug":"i-choose-me-unisex-classic-t-shirt","status":"publish","type":"product","link":"https:\/\/kiaro-skuro.com\/fr\/produit\/i-choose-me-unisex-classic-t-shirt\/","title":{"rendered":"I CHOOSE ME &#8211; Unisex Classic T-Shirt"},"content":{"rendered":"<p>You&#8217;ve now found the staple t-shirt of your wardrobe. It&#8217;s made of 100% ring-spun cotton and is soft and comfy. The double stitching on the neckline and sleeves add more durability to what is sure to be a favorite!  <\/p>\n<p>\u2022 100% ring-spun cotton<br \/>\n\u2022 Sport Grey is 90% ring-spun cotton, 10% polyester<br \/>\n\u2022 Dark Heather is 65% polyester, 35% cotton<br \/>\n\u2022 4.5 oz\/yd\u00b2 (153 g\/m\u00b2)<br \/>\n\u2022 Shoulder-to-shoulder taping<br \/>\n\u2022 Quarter-turned to avoid crease down the center<br \/>\n\u2022 Blank product sourced from Bangladesh, Nicaragua, Honduras, Dominican Republic, Haiti or Guatemala<\/p>\n<p>Disclaimer:\u00a0Due to the fabric properties, the White color variant may appear off-white rather than bright white.<\/p>\n<p>\u00c2ge recommand\u00e9 : Adultes<br \/>\nGarantie UE : 2 ans<br \/>\nConformit\u00e9 : R\u00e9pond aux exigences de l\u2019UE en mati\u00e8re d\u2019inflammabilit\u00e9, de plomb, cadmium, phtalates et formald\u00e9hyde.<\/p>\n<p>Ce produit respecte le R\u00e8glement g\u00e9n\u00e9ral sur la s\u00e9curit\u00e9 des produits (GPSR). <b>Oak inc.<\/b> garantit que tous les produits propos\u00e9s aux consommateurs sont s\u00fbrs et respectent les normes de l\u2019UE. Pour toute question ou remarque li\u00e9e \u00e0 la s\u00e9curit\u00e9 des produits, veuillez nous contacter \u00e0 l\u2019adresse suivante : <b>alex.oak@company.com<\/b> ou nous \u00e9crire <b>123 Main Street, Anytown, Country.<b \/><\/p>","protected":false},"excerpt":{"rendered":"<p>You&#8217;ve now found the staple t-shirt of your wardrobe. It&#8217;s made of 100% ring-spun cotton and is soft and comfy. The double stitching on the neckline and sleeves add more durability to what is sure to be a favorite! \u2022 100% ring-spun cotton \u2022 Sport Grey is 90% ring-spun cotton, 10% polyester \u2022 Dark Heather [&#8230;]\n","protected":false},"featured_media":2598,"comment_status":"open","ping_status":"closed","template":"","meta":{"jetpack_publicize_message":"","jetpack_publicize_feature_enabled":true,"jetpack_social_post_already_shared":false,"jetpack_social_options":{"image_generator_settings":{"template":"highway","default_image_id":0,"font":"","enabled":false},"version":2}},"product_brand":[],"product_cat":[61,68],"product_tag":[],"class_list":{"0":"post-2589","1":"product","2":"type-product","3":"status-publish","4":"has-post-thumbnail","6":"product_cat-print-on-demand","7":"product_cat-tshirts","9":"first","10":"instock","11":"taxable","12":"shipping-taxable","13":"purchasable","14":"product-type-variable","15":"add-to-wishlist-before_image"},"jetpack_publicize_connections":[],"jetpack_sharing_enabled":true,"_links":{"self":[{"href":"https:\/\/kiaro-skuro.com\/fr\/wp-json\/wp\/v2\/product\/2589","targetHints":{"allow":["GET"]}}],"collection":[{"href":"https:\/\/kiaro-skuro.com\/fr\/wp-json\/wp\/v2\/product"}],"about":[{"href":"https:\/\/kiaro-skuro.com\/fr\/wp-json\/wp\/v2\/types\/product"}],"replies":[{"embeddable":true,"href":"https:\/\/kiaro-skuro.com\/fr\/wp-json\/wp\/v2\/comments?post=2589"}],"wp:featuredmedia":[{"embeddable":true,"href":"https:\/\/kiaro-skuro.com\/fr\/wp-json\/wp\/v2\/media\/2598"}],"wp:attachment":[{"href":"https:\/\/kiaro-skuro.com\/fr\/wp-json\/wp\/v2\/media?parent=2589"}],"wp:term":[{"taxonomy":"product_brand","embeddable":true,"href":"https:\/\/kiaro-skuro.com\/fr\/wp-json\/wp\/v2\/product_brand?post=2589"},{"taxonomy":"product_cat","embeddable":true,"href":"https:\/\/kiaro-skuro.com\/fr\/wp-json\/wp\/v2\/product_cat?post=2589"},{"taxonomy":"product_tag","embeddable":true,"href":"https:\/\/kiaro-skuro.com\/fr\/wp-json\/wp\/v2\/product_tag?post=2589"}],"curies":[{"name":"wp","href":"https:\/\/api.w.org\/{rel}","templated":true}]}}