{"id":2494,"date":"2025-07-27T12:20:08","date_gmt":"2025-07-27T11:20:08","guid":{"rendered":"https:\/\/kiaro-skuro.com\/?post_type=product&#038;p=2494"},"modified":"2025-07-30T17:46:39","modified_gmt":"2025-07-30T16:46:39","slug":"daily-rythm-handbag","status":"publish","type":"product","link":"https:\/\/kiaro-skuro.com\/fr\/produit\/daily-rythm-handbag\/","title":{"rendered":"Rythme Quotidien"},"content":{"rendered":"<p>Pens\u00e9 pour suivre le rythme simple et doux de vos journ\u00e9es.<br \/>\n<strong>Rythme Quotidien<\/strong> est un sac enti\u00e8rement fait main \u00e0 partir de laine m\u00e9lang\u00e9e revaloris\u00e9e, dans un motif tiss\u00e9 de rayures noires, grises et blanches.<\/p>\n<p>Sa forme originale est construite par l\u2019assemblage de quatre panneaux verticaux, cr\u00e9ant une silhouette structur\u00e9e au fond carr\u00e9. Les anses, compos\u00e9es de quatre cordons cousus en zigzag c\u00f4te \u00e0 c\u00f4te, ajoutent une touche artisanale et graphique.<\/p>\n<p>Parfait pour vos essentiels : carnet, cl\u00e9s, t\u00e9l\u00e9phone\u2026 Il vous accompagne sans jamais s\u2019imposer.<\/p>\n<p><strong>\u00c9dition limit\u00e9e \u2013 confectionn\u00e9e avec soin \u00e0 partir de tissus r\u00e9cup\u00e9r\u00e9s.<\/strong><\/p>","protected":false},"excerpt":{"rendered":"<ul>\n<li><strong>Fait main &amp; en \u00e9dition limit\u00e9e \u2013 <\/strong>Une pi\u00e8ce unique fabriqu\u00e9e en petite s\u00e9rie<\/li>\n<li><strong>Sur commande \u2013 <\/strong>Chaque sac est confectionn\u00e9 sp\u00e9cialement pour toi, avec soin et exigence<\/li>\n<li><strong>Fabrication durable \u2013 <\/strong>Confectionn\u00e9 \u00e0 partir de tissus haut de gamme r\u00e9cup\u00e9r\u00e9s pour \u00e9viter le gaspillage<\/li>\n<li><strong>Graphique et intemporel \u2013 <\/strong>Tissu ray\u00e9 tiss\u00e9 et anses cousues en zigzag pour une touche artisanale moderne<\/li>\n<li><strong>\u2022\tCompact et pratique \u2013 <\/strong>Accueille facilement vos essentiels : t\u00e9l\u00e9phone, cl\u00e9s, petit carnet<\/li>\n<li><strong>Souple mais structur\u00e9 \u2013 <\/strong>Fond carr\u00e9 et panneaux mont\u00e9s pour une silhouette \u00e9quilibr\u00e9e sans encombrement<\/li>\n<\/ul>\n<p><strong>Quantit\u00e9s tr\u00e8s limit\u00e9es \u2014 une fois \u00e9puis\u00e9, c\u2019est termin\u00e9.<\/strong><\/p>","protected":false},"featured_media":2502,"comment_status":"open","ping_status":"closed","template":"","meta":{"jetpack_publicize_message":"","jetpack_publicize_feature_enabled":true,"jetpack_social_post_already_shared":false,"jetpack_social_options":{"image_generator_settings":{"template":"highway","default_image_id":0,"font":"","enabled":false},"version":2}},"product_brand":[],"product_cat":[59,42],"product_tag":[],"class_list":{"0":"post-2494","1":"product","2":"type-product","3":"status-publish","4":"has-post-thumbnail","6":"product_cat-handmade","7":"product_cat-bags","9":"first","10":"instock","11":"taxable","12":"shipping-taxable","13":"purchasable","14":"product-type-simple","15":"add-to-wishlist-before_image"},"jetpack_publicize_connections":[],"jetpack_sharing_enabled":true,"_links":{"self":[{"href":"https:\/\/kiaro-skuro.com\/fr\/wp-json\/wp\/v2\/product\/2494","targetHints":{"allow":["GET"]}}],"collection":[{"href":"https:\/\/kiaro-skuro.com\/fr\/wp-json\/wp\/v2\/product"}],"about":[{"href":"https:\/\/kiaro-skuro.com\/fr\/wp-json\/wp\/v2\/types\/product"}],"replies":[{"embeddable":true,"href":"https:\/\/kiaro-skuro.com\/fr\/wp-json\/wp\/v2\/comments?post=2494"}],"wp:featuredmedia":[{"embeddable":true,"href":"https:\/\/kiaro-skuro.com\/fr\/wp-json\/wp\/v2\/media\/2502"}],"wp:attachment":[{"href":"https:\/\/kiaro-skuro.com\/fr\/wp-json\/wp\/v2\/media?parent=2494"}],"wp:term":[{"taxonomy":"product_brand","embeddable":true,"href":"https:\/\/kiaro-skuro.com\/fr\/wp-json\/wp\/v2\/product_brand?post=2494"},{"taxonomy":"product_cat","embeddable":true,"href":"https:\/\/kiaro-skuro.com\/fr\/wp-json\/wp\/v2\/product_cat?post=2494"},{"taxonomy":"product_tag","embeddable":true,"href":"https:\/\/kiaro-skuro.com\/fr\/wp-json\/wp\/v2\/product_tag?post=2494"}],"curies":[{"name":"wp","href":"https:\/\/api.w.org\/{rel}","templated":true}]}}