{"id":2481,"date":"2025-07-27T11:27:04","date_gmt":"2025-07-27T10:27:04","guid":{"rendered":"https:\/\/kiaro-skuro.com\/?post_type=product&#038;p=2481"},"modified":"2025-07-30T17:47:09","modified_gmt":"2025-07-30T16:47:09","slug":"envelope-me-shoulder-bag","status":"publish","type":"product","link":"https:\/\/kiaro-skuro.com\/fr\/produit\/envelope-me-shoulder-bag\/","title":{"rendered":"Envelope Me &#8211; Shoulder Bag"},"content":{"rendered":"<p>Un souffle de l\u00e9g\u00e8ret\u00e9 pour accompagner vos journ\u00e9es les plus douces.<br \/>\nCe petit sac bandouli\u00e8re (29 x 29 cm) est enti\u00e8rement fait main \u00e0 partir de toile et de dentelle blanche revaloris\u00e9es, dans une d\u00e9marche de mode \u00e9thique et responsable.<\/p>\n<p>Id\u00e9al pour emporter un livre, vos lunettes de soleil et l\u2019essentiel pour une escapade au parc ou une pause douceur en solo.<\/p>\n<p>Chaque sac est unique, comme chaque moment de calme qu\u2019il accompagne.<\/p>\n<p><strong>\u00c9dition limit\u00e9e \u2013 confectionn\u00e9e avec soin \u00e0 partir de tissus r\u00e9cup\u00e9r\u00e9s.<\/strong><\/p>","protected":false},"excerpt":{"rendered":"<ul>\n<li><strong data-start=\"751\" data-end=\"819\">Fait main &amp; en \u00e9dition limit\u00e9e \u2013 <\/strong>Une pi\u00e8ce unique fabriqu\u00e9e en petite s\u00e9rie<\/li>\n<li><strong data-start=\"824\" data-end=\"920\">Sur commande \u2013 <\/strong>Chaque sac est confectionn\u00e9 sp\u00e9cialement pour toi, avec soin et exigence<\/li>\n<li><strong data-start=\"925\" data-end=\"1000\">Fabrication durable \u2013 <\/strong>Confectionn\u00e9 \u00e0 partir de tissus haut de gamme r\u00e9cup\u00e9r\u00e9s pour \u00e9viter le gaspillage<\/li>\n<li><strong data-start=\"345\" data-end=\"449\">\u00c9l\u00e9gance sans effort <\/strong><strong>\u2013 <\/strong>Un design minimaliste aux d\u00e9tails de dentelle d\u00e9licats, pour un look romantique et \u00e9pur\u00e9<\/li>\n<li><strong data-start=\"454\" data-end=\"542\">L\u00e9ger et essentiel \u2013 <\/strong>Juste la bonne taille pour un livre, des lunettes de soleil et l\u2019essentiel<\/li>\n<li><strong data-start=\"547\" data-end=\"632\">Confort au port\u00e9 \u2013 <\/strong>Ultra l\u00e9ger avec une bandouli\u00e8re doubl\u00e9e de dentelle pour un usage quotidien tout en douceur<\/li>\n<\/ul>\n<p><strong>Quantit\u00e9s tr\u00e8s limit\u00e9es \u2014 une fois \u00e9puis\u00e9, c\u2019est termin\u00e9.<\/strong><\/p>","protected":false},"featured_media":2490,"comment_status":"open","ping_status":"closed","template":"","meta":{"jetpack_publicize_message":"","jetpack_publicize_feature_enabled":true,"jetpack_social_post_already_shared":false,"jetpack_social_options":{"image_generator_settings":{"template":"highway","default_image_id":0,"font":"","enabled":false},"version":2}},"product_brand":[],"product_cat":[42,59],"product_tag":[],"class_list":{"0":"post-2481","1":"product","2":"type-product","3":"status-publish","4":"has-post-thumbnail","6":"product_cat-bags","7":"product_cat-handmade","9":"first","10":"instock","11":"taxable","12":"shipping-taxable","13":"purchasable","14":"product-type-simple","15":"add-to-wishlist-before_image"},"jetpack_publicize_connections":[],"jetpack_sharing_enabled":true,"_links":{"self":[{"href":"https:\/\/kiaro-skuro.com\/fr\/wp-json\/wp\/v2\/product\/2481","targetHints":{"allow":["GET"]}}],"collection":[{"href":"https:\/\/kiaro-skuro.com\/fr\/wp-json\/wp\/v2\/product"}],"about":[{"href":"https:\/\/kiaro-skuro.com\/fr\/wp-json\/wp\/v2\/types\/product"}],"replies":[{"embeddable":true,"href":"https:\/\/kiaro-skuro.com\/fr\/wp-json\/wp\/v2\/comments?post=2481"}],"wp:featuredmedia":[{"embeddable":true,"href":"https:\/\/kiaro-skuro.com\/fr\/wp-json\/wp\/v2\/media\/2490"}],"wp:attachment":[{"href":"https:\/\/kiaro-skuro.com\/fr\/wp-json\/wp\/v2\/media?parent=2481"}],"wp:term":[{"taxonomy":"product_brand","embeddable":true,"href":"https:\/\/kiaro-skuro.com\/fr\/wp-json\/wp\/v2\/product_brand?post=2481"},{"taxonomy":"product_cat","embeddable":true,"href":"https:\/\/kiaro-skuro.com\/fr\/wp-json\/wp\/v2\/product_cat?post=2481"},{"taxonomy":"product_tag","embeddable":true,"href":"https:\/\/kiaro-skuro.com\/fr\/wp-json\/wp\/v2\/product_tag?post=2481"}],"curies":[{"name":"wp","href":"https:\/\/api.w.org\/{rel}","templated":true}]}}