{"id":2464,"date":"2025-07-10T09:47:12","date_gmt":"2025-07-10T08:47:12","guid":{"rendered":"https:\/\/kiaro-skuro.com\/?post_type=product&#038;p=2464"},"modified":"2025-07-30T17:48:06","modified_gmt":"2025-07-30T16:48:06","slug":"not-your-usual-wine-bag-wine-bottle-holder","status":"publish","type":"product","link":"https:\/\/kiaro-skuro.com\/fr\/produit\/not-your-usual-wine-bag-wine-bottle-holder\/","title":{"rendered":"Not Your Usual Wine Bag &#8211; Wine Bottle Holder"},"content":{"rendered":"<h4 data-start=\"1908\" data-end=\"1963\"><strong data-start=\"1908\" data-end=\"1963\">Pas votre Sac \u00e0 Vin habituel \u2013 L\u2019accessoire chic, durable\u2026 et parfaitement lucide<\/strong><\/h4>\n<p data-start=\"1965\" data-end=\"2188\">Ce petit sac \u00e0 bouteille est une alternative responsable et raffin\u00e9e \u00e0 l\u2019emballage jetable. Cousu main \u00e0 partir de chutes de laine m\u00e9lang\u00e9e sauv\u00e9es de la d\u00e9charge, il est \u00e0 la fois simple, \u00e9l\u00e9gant et \u00e9thique.<\/p>\n<p data-start=\"2190\" data-end=\"2455\">Son motif \u00e9cossais en rose poudr\u00e9, gris doux et une touche de jaune en fait une pi\u00e8ce originale et exclusive. Con\u00e7u pour contenir une seule bouteille, il est parfait pour un d\u00eener entre amis ou comme emballage cadeau r\u00e9utilisable. Quantit\u00e9 ultra limit\u00e9e \u2013 chaque sac est unique, comme la personne \u00e0 qui vous l\u2019offrez.<\/p>","protected":false},"excerpt":{"rendered":"<ul>\n<li><strong data-start=\"751\" data-end=\"819\">Fait main &amp; en \u00e9dition limit\u00e9e \u2013 <\/strong>Une pi\u00e8ce unique fabriqu\u00e9e en petite s\u00e9rie<\/li>\n<li><strong data-start=\"824\" data-end=\"920\">Sur commande \u2013 <\/strong>Chaque sac est confectionn\u00e9 sp\u00e9cialement pour toi, avec soin et exigence<\/li>\n<li><strong data-start=\"925\" data-end=\"1000\">Fabrication durable \u2013 <\/strong>Confectionn\u00e9 \u00e0 partir de tissus haut de gamme r\u00e9cup\u00e9r\u00e9s pour \u00e9viter le gaspillage<\/li>\n<li><strong data-start=\"1657\" data-end=\"1724\">Design unique \u2013 <\/strong>Motif \u00e9cossais rose, gris et jaune pour une touche originale<\/li>\n<li><strong data-start=\"1727\" data-end=\"1794\">Parfait pour offrir \u2013 <\/strong>Id\u00e9al pour pr\u00e9senter une bouteille de vin avec \u00e9l\u00e9gance<\/li>\n<li><strong data-start=\"1797\" data-end=\"1868\">Compact &amp; Pratique \u2013 <\/strong>L\u00e9ger, simple, et muni d\u2019une petite anse pour le transport<\/li>\n<\/ul>\n<p><strong>Quantit\u00e9s tr\u00e8s limit\u00e9es \u2014 une fois \u00e9puis\u00e9, c\u2019est termin\u00e9.<\/strong><\/p>","protected":false},"featured_media":2466,"comment_status":"open","ping_status":"closed","template":"","meta":{"jetpack_publicize_message":"","jetpack_publicize_feature_enabled":true,"jetpack_social_post_already_shared":false,"jetpack_social_options":{"image_generator_settings":{"template":"highway","default_image_id":0,"font":"","enabled":false},"version":2}},"product_brand":[],"product_cat":[59,42],"product_tag":[],"class_list":{"0":"post-2464","1":"product","2":"type-product","3":"status-publish","4":"has-post-thumbnail","6":"product_cat-handmade","7":"product_cat-bags","9":"first","10":"instock","11":"taxable","12":"shipping-taxable","13":"purchasable","14":"product-type-simple","15":"add-to-wishlist-before_image"},"jetpack_publicize_connections":[],"jetpack_sharing_enabled":true,"_links":{"self":[{"href":"https:\/\/kiaro-skuro.com\/fr\/wp-json\/wp\/v2\/product\/2464","targetHints":{"allow":["GET"]}}],"collection":[{"href":"https:\/\/kiaro-skuro.com\/fr\/wp-json\/wp\/v2\/product"}],"about":[{"href":"https:\/\/kiaro-skuro.com\/fr\/wp-json\/wp\/v2\/types\/product"}],"replies":[{"embeddable":true,"href":"https:\/\/kiaro-skuro.com\/fr\/wp-json\/wp\/v2\/comments?post=2464"}],"wp:featuredmedia":[{"embeddable":true,"href":"https:\/\/kiaro-skuro.com\/fr\/wp-json\/wp\/v2\/media\/2466"}],"wp:attachment":[{"href":"https:\/\/kiaro-skuro.com\/fr\/wp-json\/wp\/v2\/media?parent=2464"}],"wp:term":[{"taxonomy":"product_brand","embeddable":true,"href":"https:\/\/kiaro-skuro.com\/fr\/wp-json\/wp\/v2\/product_brand?post=2464"},{"taxonomy":"product_cat","embeddable":true,"href":"https:\/\/kiaro-skuro.com\/fr\/wp-json\/wp\/v2\/product_cat?post=2464"},{"taxonomy":"product_tag","embeddable":true,"href":"https:\/\/kiaro-skuro.com\/fr\/wp-json\/wp\/v2\/product_tag?post=2464"}],"curies":[{"name":"wp","href":"https:\/\/api.w.org\/{rel}","templated":true}]}}