{"id":2365,"date":"2025-04-12T18:58:29","date_gmt":"2025-04-12T17:58:29","guid":{"rendered":"https:\/\/kiaro-skuro.com\/product\/obsessive-unisex-classic-t-shirt-2\/"},"modified":"2026-04-17T10:41:45","modified_gmt":"2026-04-17T09:41:45","slug":"obsessive-unisex-classic-t-shirt-2","status":"publish","type":"product","link":"https:\/\/kiaro-skuro.com\/fr\/produit\/obsessive-unisex-classic-t-shirt-2\/","title":{"rendered":"OBESSISVE - T-Shirt Unisexe Classique"},"content":{"rendered":"<p>Ce t-shirt classique en coton 100 % offre une coupe structur\u00e9e et un look net. Il tombe bien, garde des lignes pr\u00e9cises au niveau des bords, et se marie parfaitement avec des tenues streetwear superpos\u00e9es. En plus, il est pile dans la tendance !<\/p>\n<p>\u2022 100 % coton<br \/>\n\u2022 Sport Grey : 90 % coton, 10 % polyester<br \/>\n\u2022 Ash Grey is 99% coton, 1% polyester<br \/>\n\u2022 Couleurs chin\u00e9es : 50 % coton, 50 % polyester<br \/>\n\u2022 Grammage du tissu : 170\u2013180 g\/m\u00b2<br \/>\n\u2022 Fil \u00e0 bout ouvert<br \/>\n\u2022 Tissu Tibulaire<br \/>\n\u2022 Col et \u00e9paules renforc\u00e9s par une bande de propret\u00e9<br \/>\n\u2022 Produit vierge provenant du Honduras, Nicaragua, Ha\u00efti, R\u00e9publique Dominicaine, Bangladesh ou Mexique<br \/>\n\u2022 Blank product sourced from Honduras, Nicaragua, Haiti, Dominican Republic, Bangladesh, Mexico<\/p>\n<p>\u00c0 noter :<br \/>\n\u2022 En raison de la nature du tissu, la version blanche peut appara\u00eetre l\u00e9g\u00e8rement ivoire plut\u00f4t que blanc \u00e9clatant.<br \/>\n\u2022 De l\u00e9g\u00e8res taches fonc\u00e9es sont normales sur la couleur Natural.<\/p>\n<p>Ce produit est fabriqu\u00e9 sp\u00e9cialement pour toi d\u00e8s que tu passes commande, c\u2019est pourquoi la livraison peut prendre un peu plus de temps. Fabriquer \u00e0 la demande plut\u00f4t qu\u2019en grande quantit\u00e9 permet de limiter la surproduction \u2014 alors merci de faire des achats r\u00e9fl\u00e9chis !<\/p>\n<p>\u00c2ge recommand\u00e9 : Adultes<br \/>\nGarantie UE : 2 ans<br \/>\nConformit\u00e9 : R\u00e9pond aux exigences de l\u2019UE en mati\u00e8re d\u2019inflammabilit\u00e9, de plomb, cadmium, phtalates et formald\u00e9hyde.<\/p>\n<p>Ce produit respecte le R\u00e8glement g\u00e9n\u00e9ral sur la s\u00e9curit\u00e9 des produits (GPSR). <b>Oak inc.<\/b> garantit que tous les produits propos\u00e9s aux consommateurs sont s\u00fbrs et respectent les normes de l\u2019UE. Pour toute question ou remarque li\u00e9e \u00e0 la s\u00e9curit\u00e9 des produits, veuillez nous contacter \u00e0 l\u2019adresse suivante : <b>alex.oak@company.com<\/b> ou nous \u00e9crire <b>123 Main Street, Anytown, Country.<b><\/b><\/b><\/p>","protected":false},"excerpt":{"rendered":"<p>En pleine spirale obsessionnelle ? Rassure-toi, on est plusieurs ici.<\/p>\n<p>\"Bienvenue du c\u00f4t\u00e9 obsessionnel, on t\u2019attendait mais on a eu peur que tu changes d\u2019avis et que tu ne viennes plus parce que tu t\u2019es rendu compte \u00e0 quel point on pouvait \u00eatre aga\u00e7ants et que tu n\u2019as pas voulu le dire, mais t\u2019inqui\u00e8te, il est encore temps de partir si tu sens qu\u2019on est vraiment emb\u00eatants, pas qu\u2019on pense qu\u2019on l\u2019est, mais bon, tu sais, c\u2019est juste que, enfin\u2026\"<\/p>\n<p>Ce T-shirt est uniquement disponible avec le texte en anglais.<\/p>","protected":false},"featured_media":2386,"comment_status":"open","ping_status":"closed","template":"","meta":{"jetpack_publicize_message":"","jetpack_publicize_feature_enabled":true,"jetpack_social_post_already_shared":false,"jetpack_social_options":{"image_generator_settings":{"template":"highway","default_image_id":0,"font":"","enabled":false},"version":2}},"product_brand":[],"product_cat":[61,68],"product_tag":[],"class_list":{"0":"post-2365","1":"product","2":"type-product","3":"status-publish","4":"has-post-thumbnail","6":"product_cat-print-on-demand","7":"product_cat-tshirts","9":"first","10":"instock","11":"taxable","12":"shipping-taxable","13":"purchasable","14":"product-type-variable","15":"add-to-wishlist-before_image"},"jetpack_publicize_connections":[],"jetpack_sharing_enabled":true,"_links":{"self":[{"href":"https:\/\/kiaro-skuro.com\/fr\/wp-json\/wp\/v2\/product\/2365","targetHints":{"allow":["GET"]}}],"collection":[{"href":"https:\/\/kiaro-skuro.com\/fr\/wp-json\/wp\/v2\/product"}],"about":[{"href":"https:\/\/kiaro-skuro.com\/fr\/wp-json\/wp\/v2\/types\/product"}],"replies":[{"embeddable":true,"href":"https:\/\/kiaro-skuro.com\/fr\/wp-json\/wp\/v2\/comments?post=2365"}],"wp:featuredmedia":[{"embeddable":true,"href":"https:\/\/kiaro-skuro.com\/fr\/wp-json\/wp\/v2\/media\/2386"}],"wp:attachment":[{"href":"https:\/\/kiaro-skuro.com\/fr\/wp-json\/wp\/v2\/media?parent=2365"}],"wp:term":[{"taxonomy":"product_brand","embeddable":true,"href":"https:\/\/kiaro-skuro.com\/fr\/wp-json\/wp\/v2\/product_brand?post=2365"},{"taxonomy":"product_cat","embeddable":true,"href":"https:\/\/kiaro-skuro.com\/fr\/wp-json\/wp\/v2\/product_cat?post=2365"},{"taxonomy":"product_tag","embeddable":true,"href":"https:\/\/kiaro-skuro.com\/fr\/wp-json\/wp\/v2\/product_tag?post=2365"}],"curies":[{"name":"wp","href":"https:\/\/api.w.org\/{rel}","templated":true}]}}