{"id":2023,"date":"2025-04-06T14:05:20","date_gmt":"2025-04-06T13:05:20","guid":{"rendered":"https:\/\/kiaro-skuro.com\/?post_type=product&#038;p=2023"},"modified":"2025-11-14T18:27:12","modified_gmt":"2025-11-14T17:27:12","slug":"crochet-bottle-cover","status":"publish","type":"product","link":"https:\/\/kiaro-skuro.com\/fr\/produit\/crochet-bottle-cover\/","title":{"rendered":"Housse de Bouteille en Crochet"},"content":{"rendered":"<h4>Ajoute une touche chaleureuse \u00e0 ton espace <strong>avec cette housse en crochet faite main<\/strong> dot\u00e9e d\u2019une <strong>anse pratique<\/strong> pour une prise en main facile. Douce mais solide, elle <strong>prot\u00e8ge les surfaces tout en accompagnant ton quotidien<\/strong> , \u00e0 la maison comme en d\u00e9placement.<\/h4>\n<p><strong>1 pi\u00e8ce unique disponible en chaque couleur \u2013 3 au total ! Commande la tienne avant qu\u2019elles ne disparaissent !<\/strong><\/p>","protected":false},"excerpt":{"rendered":"<ul>\n<li><strong data-start=\"547\" data-end=\"617\">Durable &amp; Fait main <\/strong><strong>\u2013 Confectionn\u00e9s avec soin \u00e0 partir de mat\u00e9riaux recycl\u00e9s.<\/strong><\/li>\n<li><strong data-start=\"622\" data-end=\"693\">Doux mais r\u00e9sistants <\/strong><strong>\u2013 Garde leur forme tout en apportant une touche chaleureuse \u00e0 ton int\u00e9rieur.<\/strong><\/li>\n<li><strong data-start=\"698\" data-end=\"769\">Isolants &amp; Protecteurs <\/strong><strong>\u2013 Prot\u00e8gent les surfaces de la chaleur et de l\u2019humidit\u00e9.<\/strong><\/li>\n<li><strong data-start=\"774\" data-end=\"856\">Parfait pour les Moments Partag\u00e9s ou en Solo <\/strong><strong>\u2013 Une touche artisanale unique pour embellir ton chez-toi.<\/strong><\/li>\n<\/ul>\n<p><strong>Stock tr\u00e8s limit\u00e9 \u2014 commande-les tant qu\u2019il en reste !<\/strong><\/p>","protected":false},"featured_media":735,"comment_status":"open","ping_status":"closed","template":"","meta":{"jetpack_publicize_message":"","jetpack_publicize_feature_enabled":true,"jetpack_social_post_already_shared":false,"jetpack_social_options":{"image_generator_settings":{"template":"highway","default_image_id":0,"font":"","enabled":false},"version":2}},"product_brand":[],"product_cat":[48,59,69],"product_tag":[50,49,51],"class_list":{"0":"post-2023","1":"product","2":"type-product","3":"status-publish","4":"has-post-thumbnail","6":"product_cat-crochet-goods","7":"product_cat-handmade","8":"product_cat-limited-edition","9":"product_tag-bottle-cover","10":"product_tag-crochet","11":"product_tag-handmade","13":"first","14":"instock","15":"taxable","16":"shipping-taxable","17":"purchasable","18":"product-type-variable","19":"has-default-attributes","20":"add-to-wishlist-before_image"},"jetpack_publicize_connections":[],"jetpack_sharing_enabled":true,"_links":{"self":[{"href":"https:\/\/kiaro-skuro.com\/fr\/wp-json\/wp\/v2\/product\/2023","targetHints":{"allow":["GET"]}}],"collection":[{"href":"https:\/\/kiaro-skuro.com\/fr\/wp-json\/wp\/v2\/product"}],"about":[{"href":"https:\/\/kiaro-skuro.com\/fr\/wp-json\/wp\/v2\/types\/product"}],"replies":[{"embeddable":true,"href":"https:\/\/kiaro-skuro.com\/fr\/wp-json\/wp\/v2\/comments?post=2023"}],"wp:featuredmedia":[{"embeddable":true,"href":"https:\/\/kiaro-skuro.com\/fr\/wp-json\/wp\/v2\/media\/735"}],"wp:attachment":[{"href":"https:\/\/kiaro-skuro.com\/fr\/wp-json\/wp\/v2\/media?parent=2023"}],"wp:term":[{"taxonomy":"product_brand","embeddable":true,"href":"https:\/\/kiaro-skuro.com\/fr\/wp-json\/wp\/v2\/product_brand?post=2023"},{"taxonomy":"product_cat","embeddable":true,"href":"https:\/\/kiaro-skuro.com\/fr\/wp-json\/wp\/v2\/product_cat?post=2023"},{"taxonomy":"product_tag","embeddable":true,"href":"https:\/\/kiaro-skuro.com\/fr\/wp-json\/wp\/v2\/product_tag?post=2023"}],"curies":[{"name":"wp","href":"https:\/\/api.w.org\/{rel}","templated":true}]}}