{"id":2019,"date":"2025-04-06T14:05:17","date_gmt":"2025-04-06T13:05:17","guid":{"rendered":"https:\/\/kiaro-skuro.com\/?post_type=product&#038;p=2019"},"modified":"2025-11-17T14:30:17","modified_gmt":"2025-11-17T13:30:17","slug":"set-of-4-coasters","status":"publish","type":"product","link":"https:\/\/kiaro-skuro.com\/fr\/produit\/set-of-4-coasters\/","title":{"rendered":"Lot de 4 Sous-verres en Crochet"},"content":{"rendered":"<p>Prot\u00e8ge tes surfaces avec style gr\u00e2ce \u00e0 ces <strong>sous-verres en crochet faits main<\/strong>! Pens\u00e9s \u00e0 la fois pour <strong>leur c\u00f4t\u00e9 pratique et leur charme<\/strong>, ces quatre sous-verres de taille moyenne sont fabriqu\u00e9s \u00e0 partir de <strong>fil recycl\u00e9 r\u00e9sistant<\/strong>, alliant douceur et solidit\u00e9.<\/p>\n<p>Doux, solide et r\u00e9sistant \u00e0 la chaleur \u2014 parfait pour des moments cocooning \u00e0 la maison.<\/p>\n<p><strong>Disponibles en seulement 3 couleurs \u2014 attrape ton lot avant qu\u2019il ne soit trop tard !<\/strong><\/p>","protected":false},"excerpt":{"rendered":"<ul>\n<li><strong>Durable &amp; Fait main<\/strong> \u2013 Confectionn\u00e9s avec soin \u00e0 partir de mat\u00e9riaux recycl\u00e9s.<\/li>\n<li><strong>Doux mais r\u00e9sistants<\/strong> \u2013 Garde leur forme tout en apportant une touche chaleureuse \u00e0 ton int\u00e9rieur.<\/li>\n<li><strong>Isolants &amp; Protecteurs<\/strong> \u2013 Prot\u00e8gent les surfaces de la chaleur et de l\u2019humidit\u00e9.<\/li>\n<li><strong>Parfait pour les Moments Partag\u00e9s ou en Solo <\/strong><strong>\u00a0<\/strong>\u2013 Une touche artisanale unique pour embellir ton chez-toi.<\/li>\n<\/ul>\n<p><strong>Stock tr\u00e8s limit\u00e9 \u2014 commande-les tant qu\u2019il en reste !<\/strong><\/p>","protected":false},"featured_media":754,"comment_status":"open","ping_status":"closed","template":"","meta":{"jetpack_publicize_message":"","jetpack_publicize_feature_enabled":true,"jetpack_social_post_already_shared":false,"jetpack_social_options":{"image_generator_settings":{"template":"highway","default_image_id":0,"font":"","enabled":false},"version":2}},"product_brand":[],"product_cat":[48,59,69],"product_tag":[49,51],"class_list":{"0":"post-2019","1":"product","2":"type-product","3":"status-publish","4":"has-post-thumbnail","6":"product_cat-crochet-goods","7":"product_cat-handmade","8":"product_cat-limited-edition","9":"product_tag-crochet","10":"product_tag-handmade","12":"first","13":"instock","14":"taxable","15":"shipping-taxable","16":"purchasable","17":"product-type-variable","18":"add-to-wishlist-before_image"},"jetpack_publicize_connections":[],"jetpack_sharing_enabled":true,"_links":{"self":[{"href":"https:\/\/kiaro-skuro.com\/fr\/wp-json\/wp\/v2\/product\/2019","targetHints":{"allow":["GET"]}}],"collection":[{"href":"https:\/\/kiaro-skuro.com\/fr\/wp-json\/wp\/v2\/product"}],"about":[{"href":"https:\/\/kiaro-skuro.com\/fr\/wp-json\/wp\/v2\/types\/product"}],"replies":[{"embeddable":true,"href":"https:\/\/kiaro-skuro.com\/fr\/wp-json\/wp\/v2\/comments?post=2019"}],"wp:featuredmedia":[{"embeddable":true,"href":"https:\/\/kiaro-skuro.com\/fr\/wp-json\/wp\/v2\/media\/754"}],"wp:attachment":[{"href":"https:\/\/kiaro-skuro.com\/fr\/wp-json\/wp\/v2\/media?parent=2019"}],"wp:term":[{"taxonomy":"product_brand","embeddable":true,"href":"https:\/\/kiaro-skuro.com\/fr\/wp-json\/wp\/v2\/product_brand?post=2019"},{"taxonomy":"product_cat","embeddable":true,"href":"https:\/\/kiaro-skuro.com\/fr\/wp-json\/wp\/v2\/product_cat?post=2019"},{"taxonomy":"product_tag","embeddable":true,"href":"https:\/\/kiaro-skuro.com\/fr\/wp-json\/wp\/v2\/product_tag?post=2019"}],"curies":[{"name":"wp","href":"https:\/\/api.w.org\/{rel}","templated":true}]}}