{"id":2002,"date":"2025-04-06T14:05:11","date_gmt":"2025-04-06T13:05:11","guid":{"rendered":"https:\/\/kiaro-skuro.com\/?post_type=product&#038;p=2002"},"modified":"2025-11-17T09:39:59","modified_gmt":"2025-11-17T08:39:59","slug":"set-of-4-coasters-a-bottle-cover-with-a-ring","status":"publish","type":"product","link":"https:\/\/kiaro-skuro.com\/fr\/produit\/set-of-4-coasters-a-bottle-cover-with-a-ring\/","title":{"rendered":"Lot de 4 dessous de verre, un couvre-bouteille et une bague"},"content":{"rendered":"<p>Apportez une touche artisanale \u00e0 votre table avec cet <strong>ensemble crochet\u00e9 \u00e0 la main<\/strong>id\u00e9al pour les amateurs d\u2019authenticit\u00e9.<\/p>\n<p>Les <strong>sous-verres prot\u00e8gent vos surfaces<\/strong>, tandis que la<strong> housse pour bouteille avec petite bague<\/strong> petite anse ajoute un accent unique et rustique.<\/p>\n<p><strong>Disponible en seulement 4 couleurs !<\/strong><\/p>","protected":false},"excerpt":{"rendered":"<ul>\n<li><strong data-start=\"547\" data-end=\"617\">Durable &amp; Fait main <\/strong><strong>\u2013 Confectionn\u00e9s avec soin \u00e0 partir de mat\u00e9riaux recycl\u00e9s.<\/strong><\/li>\n<li><strong data-start=\"622\" data-end=\"693\">Doux mais r\u00e9sistants <\/strong><strong>\u2013 Garde leur forme tout en apportant une touche chaleureuse \u00e0 ton int\u00e9rieur.<\/strong><\/li>\n<li><strong data-start=\"698\" data-end=\"769\">Isolants &amp; Protecteurs <\/strong><strong>\u2013 Prot\u00e8gent les surfaces de la chaleur et de l\u2019humidit\u00e9.<\/strong><\/li>\n<li><strong data-start=\"774\" data-end=\"856\">Parfait pour les Moments Partag\u00e9s ou en Solo <\/strong><strong>\u2013 Une touche artisanale unique pour embellir ton chez-toi.<\/strong><\/li>\n<\/ul>\n<p><strong>Stock tr\u00e8s limit\u00e9 \u2014 commande-les tant qu\u2019il en reste !<\/strong><\/p>\n<p>&nbsp;<\/p>","protected":false},"featured_media":914,"comment_status":"open","ping_status":"closed","template":"","meta":{"jetpack_publicize_message":"","jetpack_publicize_feature_enabled":true,"jetpack_social_post_already_shared":false,"jetpack_social_options":{"image_generator_settings":{"template":"highway","default_image_id":0,"font":"","enabled":false},"version":2}},"product_brand":[],"product_cat":[48,59,69],"product_tag":[],"class_list":{"0":"post-2002","1":"product","2":"type-product","3":"status-publish","4":"has-post-thumbnail","6":"product_cat-crochet-goods","7":"product_cat-handmade","8":"product_cat-limited-edition","10":"first","11":"instock","12":"taxable","13":"shipping-taxable","14":"purchasable","15":"product-type-variable","16":"add-to-wishlist-before_image"},"jetpack_publicize_connections":[],"jetpack_sharing_enabled":true,"_links":{"self":[{"href":"https:\/\/kiaro-skuro.com\/fr\/wp-json\/wp\/v2\/product\/2002","targetHints":{"allow":["GET"]}}],"collection":[{"href":"https:\/\/kiaro-skuro.com\/fr\/wp-json\/wp\/v2\/product"}],"about":[{"href":"https:\/\/kiaro-skuro.com\/fr\/wp-json\/wp\/v2\/types\/product"}],"replies":[{"embeddable":true,"href":"https:\/\/kiaro-skuro.com\/fr\/wp-json\/wp\/v2\/comments?post=2002"}],"wp:featuredmedia":[{"embeddable":true,"href":"https:\/\/kiaro-skuro.com\/fr\/wp-json\/wp\/v2\/media\/914"}],"wp:attachment":[{"href":"https:\/\/kiaro-skuro.com\/fr\/wp-json\/wp\/v2\/media?parent=2002"}],"wp:term":[{"taxonomy":"product_brand","embeddable":true,"href":"https:\/\/kiaro-skuro.com\/fr\/wp-json\/wp\/v2\/product_brand?post=2002"},{"taxonomy":"product_cat","embeddable":true,"href":"https:\/\/kiaro-skuro.com\/fr\/wp-json\/wp\/v2\/product_cat?post=2002"},{"taxonomy":"product_tag","embeddable":true,"href":"https:\/\/kiaro-skuro.com\/fr\/wp-json\/wp\/v2\/product_tag?post=2002"}],"curies":[{"name":"wp","href":"https:\/\/api.w.org\/{rel}","templated":true}]}}