{"id":1998,"date":"2025-04-06T14:05:06","date_gmt":"2025-04-06T13:05:06","guid":{"rendered":"https:\/\/kiaro-skuro.com\/?post_type=product&#038;p=1998"},"modified":"2025-11-14T18:31:37","modified_gmt":"2025-11-14T17:31:37","slug":"set-of-4-coasters-and-a-net-bottle-cover","status":"publish","type":"product","link":"https:\/\/kiaro-skuro.com\/fr\/produit\/set-of-4-coasters-and-a-net-bottle-cover\/","title":{"rendered":"Lot de 4 dessous de verre et un couvre-bouteille impression filet"},"content":{"rendered":"<h4>Cet <strong>ensemble de sous-verre et housse pour bouteille en crochet<\/strong> est id\u00e9al pour les amateurs de d\u00e9tails d\u00e9licats. La <strong>housse en filet<\/strong> offre un design \u00e9l\u00e9gant et a\u00e9r\u00e9 tout en assurant une bonne tenue de votre bouteille.<\/h4>\n<p><strong>Un seul exemplaire disponible \u2014 ne passez pas \u00e0 c\u00f4t\u00e9 !<\/strong><\/p>","protected":false},"excerpt":{"rendered":"<ul>\n<li><strong data-start=\"547\" data-end=\"617\">Durable &amp; Fait main <\/strong><strong>\u2013 Confectionn\u00e9s avec soin \u00e0 partir de mat\u00e9riaux recycl\u00e9s.<\/strong><\/li>\n<li><strong data-start=\"622\" data-end=\"693\">Doux mais r\u00e9sistants <\/strong><strong>\u2013 Garde leur forme tout en apportant une touche chaleureuse \u00e0 ton int\u00e9rieur.<\/strong><\/li>\n<li><strong data-start=\"698\" data-end=\"769\">Isolants &amp; Protecteurs <\/strong><strong>\u2013 Prot\u00e8gent les surfaces de la chaleur et de l\u2019humidit\u00e9.<\/strong><\/li>\n<li><strong data-start=\"774\" data-end=\"856\">Parfait pour les Moments Partag\u00e9s ou en Solo <\/strong><strong>\u2013 Une touche artisanale unique pour embellir ton chez-toi.<\/strong><\/li>\n<\/ul>\n<p><strong>Stock tr\u00e8s limit\u00e9 \u2014 commande-les tant qu\u2019il en reste !<\/strong><\/p>\n<p>&nbsp;<\/p>","protected":false},"featured_media":936,"comment_status":"open","ping_status":"closed","template":"","meta":{"jetpack_publicize_message":"","jetpack_publicize_feature_enabled":true,"jetpack_social_post_already_shared":false,"jetpack_social_options":{"image_generator_settings":{"template":"highway","default_image_id":0,"font":"","enabled":false},"version":2}},"product_brand":[],"product_cat":[48,59,69],"product_tag":[50,56,49,51,64,63],"class_list":{"0":"post-1998","1":"product","2":"type-product","3":"status-publish","4":"has-post-thumbnail","6":"product_cat-crochet-goods","7":"product_cat-handmade","8":"product_cat-limited-edition","9":"product_tag-bottle-cover","10":"product_tag-coaster","11":"product_tag-crochet","12":"product_tag-handmade","13":"product_tag-home-decor","14":"product_tag-one-of-a-kind","16":"first","17":"instock","18":"taxable","19":"shipping-taxable","20":"purchasable","21":"product-type-simple","22":"add-to-wishlist-before_image"},"jetpack_publicize_connections":[],"jetpack_sharing_enabled":true,"_links":{"self":[{"href":"https:\/\/kiaro-skuro.com\/fr\/wp-json\/wp\/v2\/product\/1998","targetHints":{"allow":["GET"]}}],"collection":[{"href":"https:\/\/kiaro-skuro.com\/fr\/wp-json\/wp\/v2\/product"}],"about":[{"href":"https:\/\/kiaro-skuro.com\/fr\/wp-json\/wp\/v2\/types\/product"}],"replies":[{"embeddable":true,"href":"https:\/\/kiaro-skuro.com\/fr\/wp-json\/wp\/v2\/comments?post=1998"}],"wp:featuredmedia":[{"embeddable":true,"href":"https:\/\/kiaro-skuro.com\/fr\/wp-json\/wp\/v2\/media\/936"}],"wp:attachment":[{"href":"https:\/\/kiaro-skuro.com\/fr\/wp-json\/wp\/v2\/media?parent=1998"}],"wp:term":[{"taxonomy":"product_brand","embeddable":true,"href":"https:\/\/kiaro-skuro.com\/fr\/wp-json\/wp\/v2\/product_brand?post=1998"},{"taxonomy":"product_cat","embeddable":true,"href":"https:\/\/kiaro-skuro.com\/fr\/wp-json\/wp\/v2\/product_cat?post=1998"},{"taxonomy":"product_tag","embeddable":true,"href":"https:\/\/kiaro-skuro.com\/fr\/wp-json\/wp\/v2\/product_tag?post=1998"}],"curies":[{"name":"wp","href":"https:\/\/api.w.org\/{rel}","templated":true}]}}