{"id":1987,"date":"2025-04-06T14:05:01","date_gmt":"2025-04-06T13:05:01","guid":{"rendered":"https:\/\/kiaro-skuro.com\/?post_type=product&#038;p=1987"},"modified":"2025-11-17T09:34:42","modified_gmt":"2025-11-17T08:34:42","slug":"set-of-mug-cosy-a-coaster-and-a-small-bowl-crochet","status":"publish","type":"product","link":"https:\/\/kiaro-skuro.com\/fr\/produit\/set-of-mug-cosy-a-coaster-and-a-small-bowl-crochet\/","title":{"rendered":"Lot d'un Manchon \u00e0 tasse, un Sous-verre et un Petit Bol \u2013 crochet"},"content":{"rendered":"<h4>Savourez votre caf\u00e9 ou th\u00e9 avec style gr\u00e2ce \u00e0 cet <strong>cet ensemble artisanal en crochet<\/strong>. Le <strong>manchon \u00e0 tasse garde votre boisson au chaud<\/strong>, le <strong>sous-verre prot\u00e8ge vos surfaces<\/strong>, et le <strong>petit bol<\/strong> est parfait pour les en-cas.<\/h4>\n<p><strong>Disponible en 6 couleurs \u2014 commandez le v\u00f4tre avant qu\u2019il ne soit trop tard !<\/strong><\/p>","protected":false},"excerpt":{"rendered":"<ul>\n<li><strong data-start=\"547\" data-end=\"617\">Durable &amp; Fait main <\/strong><strong>\u2013 Confectionn\u00e9s avec soin \u00e0 partir de mat\u00e9riaux recycl\u00e9s.<\/strong><\/li>\n<li><strong data-start=\"622\" data-end=\"693\">Doux mais r\u00e9sistants <\/strong><strong>\u2013 Garde leur forme tout en apportant une touche chaleureuse \u00e0 ton int\u00e9rieur.<\/strong><\/li>\n<li><strong data-start=\"698\" data-end=\"769\">Isolants &amp; Protecteurs <\/strong><strong>\u2013 Prot\u00e8gent les surfaces de la chaleur et de l\u2019humidit\u00e9.<\/strong><\/li>\n<li><strong data-start=\"774\" data-end=\"856\">Parfait pour les Moments Partag\u00e9s ou en Solo <\/strong><strong>\u2013 Une touche artisanale unique pour embellir ton chez-toi.<\/strong><\/li>\n<\/ul>\n<p><strong>Stock tr\u00e8s limit\u00e9 \u2014 commande-les tant qu\u2019il en reste !<\/strong><\/p>","protected":false},"featured_media":953,"comment_status":"open","ping_status":"closed","template":"","meta":{"jetpack_publicize_message":"","jetpack_publicize_feature_enabled":true,"jetpack_social_post_already_shared":false,"jetpack_social_options":{"image_generator_settings":{"template":"highway","default_image_id":0,"font":"","enabled":false},"version":2}},"product_brand":[],"product_cat":[48,59,69],"product_tag":[56,49,64,65],"class_list":{"0":"post-1987","1":"product","2":"type-product","3":"status-publish","4":"has-post-thumbnail","6":"product_cat-crochet-goods","7":"product_cat-handmade","8":"product_cat-limited-edition","9":"product_tag-coaster","10":"product_tag-crochet","11":"product_tag-home-decor","12":"product_tag-mug-cosy","14":"first","15":"instock","16":"taxable","17":"shipping-taxable","18":"purchasable","19":"product-type-variable","20":"add-to-wishlist-before_image"},"jetpack_publicize_connections":[],"jetpack_sharing_enabled":true,"_links":{"self":[{"href":"https:\/\/kiaro-skuro.com\/fr\/wp-json\/wp\/v2\/product\/1987","targetHints":{"allow":["GET"]}}],"collection":[{"href":"https:\/\/kiaro-skuro.com\/fr\/wp-json\/wp\/v2\/product"}],"about":[{"href":"https:\/\/kiaro-skuro.com\/fr\/wp-json\/wp\/v2\/types\/product"}],"replies":[{"embeddable":true,"href":"https:\/\/kiaro-skuro.com\/fr\/wp-json\/wp\/v2\/comments?post=1987"}],"wp:featuredmedia":[{"embeddable":true,"href":"https:\/\/kiaro-skuro.com\/fr\/wp-json\/wp\/v2\/media\/953"}],"wp:attachment":[{"href":"https:\/\/kiaro-skuro.com\/fr\/wp-json\/wp\/v2\/media?parent=1987"}],"wp:term":[{"taxonomy":"product_brand","embeddable":true,"href":"https:\/\/kiaro-skuro.com\/fr\/wp-json\/wp\/v2\/product_brand?post=1987"},{"taxonomy":"product_cat","embeddable":true,"href":"https:\/\/kiaro-skuro.com\/fr\/wp-json\/wp\/v2\/product_cat?post=1987"},{"taxonomy":"product_tag","embeddable":true,"href":"https:\/\/kiaro-skuro.com\/fr\/wp-json\/wp\/v2\/product_tag?post=1987"}],"curies":[{"name":"wp","href":"https:\/\/api.w.org\/{rel}","templated":true}]}}