{"id":1986,"date":"2025-04-06T14:04:12","date_gmt":"2025-04-06T13:04:12","guid":{"rendered":"https:\/\/kiaro-skuro.com\/?post_type=product&#038;p=1986"},"modified":"2025-07-30T17:48:51","modified_gmt":"2025-07-30T16:48:51","slug":"your-business-companion-briefcase-bag","status":"publish","type":"product","link":"https:\/\/kiaro-skuro.com\/fr\/produit\/your-business-companion-briefcase-bag\/","title":{"rendered":"Your Business Companion &#8211; Briefcase Bag"},"content":{"rendered":"<p><strong>Votre compagnon d\u2019affaires \u2013 le tote ordinateur \u00e9lanc\u00e9 et sophistiqu\u00e9<\/strong><\/p>\n<p>D\u00e9couvrez votre <em>Compagnon d\u2019Affaires<\/em>\u2014le <strong>sac tote professionnel ultime<\/strong> pour les femmes qui souhaitent <strong>style, fonctionnalit\u00e9 et durabilit\u00e9<\/strong> dans un design \u00e9pur\u00e9. Fabriqu\u00e9 \u00e0 la main \u00e0 partir de <strong>coton r\u00e9cup\u00e9r\u00e9 \u00e0 texture peau de p\u00eache<\/strong>son <strong>orange vif et ses accents en ruban satin<\/strong> apportent une touche \u00e9l\u00e9gante \u00e0 votre garde-robe professionnelle.<\/p>\n<p>Cet <strong>tote ordinateur \u00e9lanc\u00e9<\/strong> est <strong>structured as a briefcase bag, is lightweight<\/strong>, can fit a <strong>ordinateur portable, son chargeur, un carnet et quelques essentiels<\/strong> sans encombrement. Avec <strong>deux options de poign\u00e9es<\/strong> (longueur poignet et longueur \u00e9paule), il est con\u00e7u pour un transport facile et confortable.<\/p>\n<p>A timeless, work-ready essential\u2014<strong>limited stock<\/strong> available. Order yours today!<\/p>","protected":false},"excerpt":{"rendered":"<ul>\n<li><strong>Fait main &amp; en \u00e9dition limit\u00e9e \u2013 <\/strong>Une pi\u00e8ce unique fabriqu\u00e9e en petite s\u00e9rie<\/li>\n<li><strong>Sur commande \u2013 <\/strong>Chaque sac est confectionn\u00e9 sp\u00e9cialement pour toi, avec soin et exigence<\/li>\n<li><strong>Fabrication durable \u2013 <\/strong>Confectionn\u00e9 \u00e0 partir de tissus haut de gamme r\u00e9cup\u00e9r\u00e9s pour \u00e9viter le gaspillage<\/li>\n<li><strong>\u00c9lanc\u00e9 et structur\u00e9<\/strong> \u2013 <strong>un sac \u00e0 ordinateur \u00e9l\u00e9gant<\/strong> qui contient l\u2019essentiel du travail sans volume inutile<\/li>\n<li><strong>Pens\u00e9 pour les professionnels<\/strong> \u2013 peut contenir un <strong>ordinateur portable, son chargeur et les essentiels du quotidien<\/strong><\/li>\n<li><strong>Deux options de poign\u00e9es<\/strong> \u2013 \u00e0 porter <strong>au poignet ou \u00e0 l\u2019\u00e9paule<\/strong><\/li>\n<li><strong>Intemporel et \u00e9l\u00e9gant<\/strong> \u2013 <strong>d\u00e9tails en ruban satin<\/strong> qui apportent une touche sophistiqu\u00e9e<\/li>\n<\/ul>\n<p><strong>Quantit\u00e9s tr\u00e8s limit\u00e9es \u2014 une fois \u00e9puis\u00e9, c\u2019est termin\u00e9.<\/strong><\/p>","protected":false},"featured_media":747,"comment_status":"open","ping_status":"closed","template":"","meta":{"jetpack_publicize_message":"","jetpack_publicize_feature_enabled":true,"jetpack_social_post_already_shared":false,"jetpack_social_options":{"image_generator_settings":{"template":"highway","default_image_id":0,"font":"","enabled":false},"version":2}},"product_brand":[],"product_cat":[42,59],"product_tag":[52,53,51,44,45,43],"class_list":{"0":"post-1986","1":"product","2":"type-product","3":"status-publish","4":"has-post-thumbnail","6":"product_cat-bags","7":"product_cat-handmade","8":"product_tag-business","9":"product_tag-cotton","10":"product_tag-handmade","11":"product_tag-handmade-bag","12":"product_tag-handmade-tote-bag","13":"product_tag-tote-bag","15":"first","16":"instock","17":"taxable","18":"shipping-taxable","19":"purchasable","20":"product-type-simple","21":"add-to-wishlist-before_image"},"jetpack_publicize_connections":[],"jetpack_sharing_enabled":true,"_links":{"self":[{"href":"https:\/\/kiaro-skuro.com\/fr\/wp-json\/wp\/v2\/product\/1986","targetHints":{"allow":["GET"]}}],"collection":[{"href":"https:\/\/kiaro-skuro.com\/fr\/wp-json\/wp\/v2\/product"}],"about":[{"href":"https:\/\/kiaro-skuro.com\/fr\/wp-json\/wp\/v2\/types\/product"}],"replies":[{"embeddable":true,"href":"https:\/\/kiaro-skuro.com\/fr\/wp-json\/wp\/v2\/comments?post=1986"}],"wp:featuredmedia":[{"embeddable":true,"href":"https:\/\/kiaro-skuro.com\/fr\/wp-json\/wp\/v2\/media\/747"}],"wp:attachment":[{"href":"https:\/\/kiaro-skuro.com\/fr\/wp-json\/wp\/v2\/media?parent=1986"}],"wp:term":[{"taxonomy":"product_brand","embeddable":true,"href":"https:\/\/kiaro-skuro.com\/fr\/wp-json\/wp\/v2\/product_brand?post=1986"},{"taxonomy":"product_cat","embeddable":true,"href":"https:\/\/kiaro-skuro.com\/fr\/wp-json\/wp\/v2\/product_cat?post=1986"},{"taxonomy":"product_tag","embeddable":true,"href":"https:\/\/kiaro-skuro.com\/fr\/wp-json\/wp\/v2\/product_tag?post=1986"}],"curies":[{"name":"wp","href":"https:\/\/api.w.org\/{rel}","templated":true}]}}