{"id":1984,"date":"2025-04-06T14:01:34","date_gmt":"2025-04-06T13:01:34","guid":{"rendered":"https:\/\/kiaro-skuro.com\/?post_type=product&#038;p=1984"},"modified":"2025-11-17T14:47:28","modified_gmt":"2025-11-17T13:47:28","slug":"all-you-can-handle-tote-bucket-tote-bag","status":"publish","type":"product","link":"https:\/\/kiaro-skuro.com\/fr\/produit\/all-you-can-handle-tote-bucket-tote-bag\/","title":{"rendered":"Le Tote \u00c0 Pleine Charge \u2013 Tote Cabas"},"content":{"rendered":"<p><strong>All You Can Handle Tote \u2013 Elegance Meets Functionality<\/strong><\/p>\n<p>Pens\u00e9 pour la femme active d\u2019aujourd\u2019hui, le sac <em>All You Can Handle Tote<\/em> allie <strong>allie un style intemporel \u00e0 une praticit\u00e9 au quotidien<\/strong>. Confectionn\u00e9 \u00e0 la main \u00e0 partir <strong>de laine de haute qualit\u00e9 revaloris\u00e9e<\/strong>, son motif ray\u00e9 sophistiqu\u00e9 m\u00ealant marron, blanc et beige, rehauss\u00e9 d\u2019une touche m\u00e9tallique subtile, d\u00e9gage une \u00e9l\u00e9gance professionnelle sans effort.<\/p>\n<p>Gr\u00e2ce \u00e0 <strong>ses deux tailles de poign\u00e9es<\/strong>, tu profites du meilleur des deux mondes : portes-le \u00e0 l\u2019\u00e9paule pour garder les mains libres ou utilise les poign\u00e9es courtes pour un look soign\u00e9 et dynamique. <strong>Spacieux tout en restant structur\u00e9<\/strong>, ce sac tient debout tout seul et offre une silhouette \u00e9lanc\u00e9e sans volume inutile.<\/p>\n<p><strong>Ce sac est disponible en quantit\u00e9 ultra limit\u00e9e<\/strong>\u2013 une fois ce tissu exclusif \u00e9coul\u00e9, il ne reviendra pas. N\u2019attends pas pour commander le tien aujourd'hui !<\/p>","protected":false},"excerpt":{"rendered":"<ul>\n<li><strong>Fait main &amp; en \u00e9dition limit\u00e9e \u2013 <\/strong>Une pi\u00e8ce unique fabriqu\u00e9e en petite s\u00e9rie<\/li>\n<li><strong>Sur commande \u2013 <\/strong>Chaque sac est confectionn\u00e9 sp\u00e9cialement pour toi, avec soin et exigence<\/li>\n<li><strong>Fabrication durable \u2013 <\/strong>Confectionn\u00e9 \u00e0 partir de tissus haut de gamme r\u00e9cup\u00e9r\u00e9s pour \u00e9viter le gaspillage<\/li>\n<li><strong>Con\u00e7u pour les femmes actives<\/strong> \u2013 Un tote sophistiqu\u00e9 <strong>au style chic<\/strong> et professionnel<\/li>\n<li><strong>Poign\u00e9es doubles pour plus de polyvalence<\/strong> \u2013 Bandouli\u00e8res \u00e0 longueur d\u2019\u00e9paule et poign\u00e9es courtes pour le poignet<\/li>\n<li><strong>Spacieux mais \u00e9l\u00e9gant<\/strong> \u2013 <strong>Assez grand pour tes essentiels de travail<\/strong> sans volume inutile<\/li>\n<li><strong>Structure r\u00e9fl\u00e9chie<\/strong> Fond et c\u00f4t\u00e9s solides pour qu\u2019il tienne debout tout seul<\/li>\n<\/ul>\n<p><strong>Quantit\u00e9s tr\u00e8s limit\u00e9es \u2014 une fois \u00e9puis\u00e9, c\u2019est termin\u00e9.<\/strong><\/p>","protected":false},"featured_media":740,"comment_status":"open","ping_status":"closed","template":"","meta":{"jetpack_publicize_message":"","jetpack_publicize_feature_enabled":true,"jetpack_social_post_already_shared":false,"jetpack_social_options":{"image_generator_settings":{"template":"highway","default_image_id":0,"font":"","enabled":false},"version":2}},"product_brand":[],"product_cat":[42,59],"product_tag":[52,51,45,43,47],"class_list":{"0":"post-1984","1":"product","2":"type-product","3":"status-publish","4":"has-post-thumbnail","6":"product_cat-bags","7":"product_cat-handmade","8":"product_tag-business","9":"product_tag-handmade","10":"product_tag-handmade-tote-bag","11":"product_tag-tote-bag","12":"product_tag-wool","14":"first","15":"instock","16":"taxable","17":"shipping-taxable","18":"purchasable","19":"product-type-simple","20":"add-to-wishlist-before_image"},"jetpack_publicize_connections":[],"jetpack_sharing_enabled":true,"_links":{"self":[{"href":"https:\/\/kiaro-skuro.com\/fr\/wp-json\/wp\/v2\/product\/1984","targetHints":{"allow":["GET"]}}],"collection":[{"href":"https:\/\/kiaro-skuro.com\/fr\/wp-json\/wp\/v2\/product"}],"about":[{"href":"https:\/\/kiaro-skuro.com\/fr\/wp-json\/wp\/v2\/types\/product"}],"replies":[{"embeddable":true,"href":"https:\/\/kiaro-skuro.com\/fr\/wp-json\/wp\/v2\/comments?post=1984"}],"wp:featuredmedia":[{"embeddable":true,"href":"https:\/\/kiaro-skuro.com\/fr\/wp-json\/wp\/v2\/media\/740"}],"wp:attachment":[{"href":"https:\/\/kiaro-skuro.com\/fr\/wp-json\/wp\/v2\/media?parent=1984"}],"wp:term":[{"taxonomy":"product_brand","embeddable":true,"href":"https:\/\/kiaro-skuro.com\/fr\/wp-json\/wp\/v2\/product_brand?post=1984"},{"taxonomy":"product_cat","embeddable":true,"href":"https:\/\/kiaro-skuro.com\/fr\/wp-json\/wp\/v2\/product_cat?post=1984"},{"taxonomy":"product_tag","embeddable":true,"href":"https:\/\/kiaro-skuro.com\/fr\/wp-json\/wp\/v2\/product_tag?post=1984"}],"curies":[{"name":"wp","href":"https:\/\/api.w.org\/{rel}","templated":true}]}}