{"id":1983,"date":"2025-04-06T13:52:43","date_gmt":"2025-04-06T12:52:43","guid":{"rendered":"https:\/\/kiaro-skuro.com\/?post_type=product&#038;p=1983"},"modified":"2025-11-17T14:35:53","modified_gmt":"2025-11-17T13:35:53","slug":"the-everyday-tote","status":"publish","type":"product","link":"https:\/\/kiaro-skuro.com\/fr\/produit\/the-everyday-tote\/","title":{"rendered":"Le Tote du Quotidien \u2013 Tote Cabas"},"content":{"rendered":"<p><strong>Le Tote du Quotidien \u2013 Fait main, durable et unique en son genre<\/strong><br \/>\nSois pr\u00eat.e \u00e0 affronter ta journ\u00e9e avec <em>le Tote du Quotidien.<\/em><\/p>\n<p>Cet <strong>grand tote fait main est la pi\u00e8ce<\/strong> est la pi\u00e8ce qui manquait \u00e0 ta routine. Confectionn\u00e9 en <strong>de laine de haute qualit\u00e9 revaloris\u00e9e<\/strong>, il allie <strong>durabilit\u00e9, respect de l\u2019environnement et exclusivit\u00e9<\/strong> dans un sac \u00e0 la fois \u00e9l\u00e9gant et facile \u00e0 vivre.<\/p>\n<p><strong>Spacieux et \u00e9l\u00e9gant<\/strong>, il est pens\u00e9 pour transporter tous tes essentiels \u2014 id\u00e9al pour <strong>le travail, les cours ou les courses.<\/strong>.<\/p>\n<p>Chaque tote est <strong>fabriqu\u00e9 en quantit\u00e9s ultra limit\u00e9es<\/strong>\u2014une fois le tissu \u00e9coul\u00e9, c\u2019est fini ! <strong>Commande le tien d\u00e8s maintenant avant qu\u2019il ne disparaisse.<\/strong><\/p>","protected":false},"excerpt":{"rendered":"<ul>\n<li><strong>Fait main &amp; en \u00e9dition limit\u00e9e \u2013 <\/strong>Une pi\u00e8ce unique fabriqu\u00e9e en petite s\u00e9rie<\/li>\n<li><strong>Sur commande \u2013 <\/strong>Chaque sac est confectionn\u00e9 sp\u00e9cialement pour toi, avec soin et exigence<\/li>\n<li><strong>Fabrication durable \u2013 <\/strong>Confectionn\u00e9 \u00e0 partir de tissus haut de gamme r\u00e9cup\u00e9r\u00e9s pour \u00e9viter le gaspillage<\/li>\n<li><strong>Polyvalent et styl\u00e9<\/strong> \u2013 Un sac de travail <strong>tote cabas classique et moderne<\/strong> qui s\u2019adapte \u00e0 tous les styles.<\/li>\n<li><strong>Ample et l\u00e9ger<\/strong> \u2013 Un sac de travail <strong>tote spacieux, parfait pour le travail, l\u2019\u00e9cole ou les voyages,<\/strong>sans volume inutile<\/li>\n<li><strong>Structure r\u00e9fl\u00e9chie<\/strong> \u2013 Fond solide, c\u00f4t\u00e9s souples et poign\u00e9es confortables.<\/li>\n<\/ul>\n<p><strong>Quantit\u00e9s tr\u00e8s limit\u00e9es \u2014 une fois \u00e9puis\u00e9, c\u2019est termin\u00e9.<\/strong><\/p>","protected":false},"featured_media":2424,"comment_status":"open","ping_status":"closed","template":"","meta":{"jetpack_publicize_message":"","jetpack_publicize_feature_enabled":true,"jetpack_social_post_already_shared":false,"jetpack_social_options":{"image_generator_settings":{"template":"highway","default_image_id":0,"font":"","enabled":false},"version":2}},"product_brand":[],"product_cat":[42,59],"product_tag":[44,45,46,43,47],"class_list":{"0":"post-1983","1":"product","2":"type-product","3":"status-publish","4":"has-post-thumbnail","6":"product_cat-bags","7":"product_cat-handmade","8":"product_tag-handmade-bag","9":"product_tag-handmade-tote-bag","10":"product_tag-sustainability","11":"product_tag-tote-bag","12":"product_tag-wool","14":"first","15":"instock","16":"taxable","17":"shipping-taxable","18":"purchasable","19":"product-type-simple","20":"add-to-wishlist-before_image"},"jetpack_publicize_connections":[],"jetpack_sharing_enabled":true,"_links":{"self":[{"href":"https:\/\/kiaro-skuro.com\/fr\/wp-json\/wp\/v2\/product\/1983","targetHints":{"allow":["GET"]}}],"collection":[{"href":"https:\/\/kiaro-skuro.com\/fr\/wp-json\/wp\/v2\/product"}],"about":[{"href":"https:\/\/kiaro-skuro.com\/fr\/wp-json\/wp\/v2\/types\/product"}],"replies":[{"embeddable":true,"href":"https:\/\/kiaro-skuro.com\/fr\/wp-json\/wp\/v2\/comments?post=1983"}],"wp:featuredmedia":[{"embeddable":true,"href":"https:\/\/kiaro-skuro.com\/fr\/wp-json\/wp\/v2\/media\/2424"}],"wp:attachment":[{"href":"https:\/\/kiaro-skuro.com\/fr\/wp-json\/wp\/v2\/media?parent=1983"}],"wp:term":[{"taxonomy":"product_brand","embeddable":true,"href":"https:\/\/kiaro-skuro.com\/fr\/wp-json\/wp\/v2\/product_brand?post=1983"},{"taxonomy":"product_cat","embeddable":true,"href":"https:\/\/kiaro-skuro.com\/fr\/wp-json\/wp\/v2\/product_cat?post=1983"},{"taxonomy":"product_tag","embeddable":true,"href":"https:\/\/kiaro-skuro.com\/fr\/wp-json\/wp\/v2\/product_tag?post=1983"}],"curies":[{"name":"wp","href":"https:\/\/api.w.org\/{rel}","templated":true}]}}