{"id":1506,"date":"2025-03-27T15:10:45","date_gmt":"2025-03-27T14:10:45","guid":{"rendered":"https:\/\/kiaro-skuro.com\/?post_type=product&#038;p=1506"},"modified":"2025-07-10T11:23:46","modified_gmt":"2025-07-10T10:23:46","slug":"simple-stained-glass-flower-design","status":"publish","type":"product","link":"https:\/\/kiaro-skuro.com\/fr\/produit\/simple-stained-glass-flower-design\/","title":{"rendered":"Fleur vitrail Simple \u2013 Page de coloriage"},"content":{"rendered":"<p><strong>Lib\u00e8re ta cr\u00e9ativit\u00e9 et d\u00e9tends ton esprit gr\u00e2ce \u00e0 cette page de coloriage originale \u2014 parfaite pour les ados et adultes en qu\u00eate de pleine conscience et d\u2019expression artistique !<\/strong><\/p>\n<p data-start=\"478\" data-end=\"696\"><strong data-start=\"478\" data-end=\"499\">Comment \u00e7a marche ?<\/strong><br data-start=\"499\" data-end=\"502\" \/>T\u00e9l\u00e9charge le fichier PDF et imprime-le sur le papier de ton choix.<br data-start=\"565\" data-end=\"568\" \/>Tu utilises du papier standard ? Les crayons de couleur seront parfaits.<br data-start=\"624\" data-end=\"627\" \/>Tu pr\u00e9f\u00e8res un papier plus \u00e9pais ? Laisse libre cours \u00e0 ton imagination : feutres, pastels, crayons gras, voire peinture !<\/p>\n<p data-start=\"698\" data-end=\"838\">Avant de commencer, prends une photo \u00ab avant \u00bb. Ensuite, exprime-toi librement \u2014 et n\u2019oublie pas de capturer une photo \u00ab apr\u00e8s \u00bb pour voir le r\u00e9sultat !<\/p>\n<p data-start=\"840\" data-end=\"943\"><strong data-start=\"840\" data-end=\"870\">Fier.e de ton chef-d\u2019\u0153uvre ?<\/strong><br data-start=\"870\" data-end=\"873\" \/>Partage-le sur les r\u00e9seaux et identifie-moi \u2014 j\u2019ai h\u00e2te de voir ta cr\u00e9ation !<\/p>","protected":false},"excerpt":{"rendered":"<ul>\n<li><strong>Page de coloriage<\/strong> <strong>imprimable<\/strong><\/li>\n<li><strong>Format:<\/strong>\u00a0PDF A4 haute r\u00e9solution<\/li>\n<li><strong>Livraison:<\/strong>\u00a0T\u00e9l\u00e9chargement num\u00e9rique instantan\u00e9<\/li>\n<li><strong>Disponibilit\u00e9 :<\/strong>\u00a0T\u00e9l\u00e9chargement accessible pendant 30 jours apr\u00e8s l\u2019achat<\/li>\n<li><strong>Remboursements :<\/strong>\u00a0Produit num\u00e9rique \u2014 aucun retour ni \u00e9change possible<\/li>\n<\/ul>\n<p>Laisse libre cours \u00e0 ton imagination en donnant vie \u00e0 ce dessin avec tes couleurs.<\/p>","protected":false},"featured_media":1508,"comment_status":"open","ping_status":"closed","template":"","meta":{"jetpack_publicize_message":"","jetpack_publicize_feature_enabled":true,"jetpack_social_post_already_shared":false,"jetpack_social_options":{"image_generator_settings":{"template":"highway","default_image_id":0,"font":"","enabled":false},"version":2}},"product_brand":[],"product_cat":[71,70],"product_tag":[],"class_list":{"0":"post-1506","1":"product","2":"type-product","3":"status-publish","4":"has-post-thumbnail","6":"product_cat-colouring-pages","7":"product_cat-instant-download","9":"first","10":"instock","11":"downloadable","12":"virtual","13":"taxable","14":"purchasable","15":"product-type-simple","16":"add-to-wishlist-before_image"},"jetpack_publicize_connections":[],"jetpack_sharing_enabled":true,"_links":{"self":[{"href":"https:\/\/kiaro-skuro.com\/fr\/wp-json\/wp\/v2\/product\/1506","targetHints":{"allow":["GET"]}}],"collection":[{"href":"https:\/\/kiaro-skuro.com\/fr\/wp-json\/wp\/v2\/product"}],"about":[{"href":"https:\/\/kiaro-skuro.com\/fr\/wp-json\/wp\/v2\/types\/product"}],"replies":[{"embeddable":true,"href":"https:\/\/kiaro-skuro.com\/fr\/wp-json\/wp\/v2\/comments?post=1506"}],"wp:featuredmedia":[{"embeddable":true,"href":"https:\/\/kiaro-skuro.com\/fr\/wp-json\/wp\/v2\/media\/1508"}],"wp:attachment":[{"href":"https:\/\/kiaro-skuro.com\/fr\/wp-json\/wp\/v2\/media?parent=1506"}],"wp:term":[{"taxonomy":"product_brand","embeddable":true,"href":"https:\/\/kiaro-skuro.com\/fr\/wp-json\/wp\/v2\/product_brand?post=1506"},{"taxonomy":"product_cat","embeddable":true,"href":"https:\/\/kiaro-skuro.com\/fr\/wp-json\/wp\/v2\/product_cat?post=1506"},{"taxonomy":"product_tag","embeddable":true,"href":"https:\/\/kiaro-skuro.com\/fr\/wp-json\/wp\/v2\/product_tag?post=1506"}],"curies":[{"name":"wp","href":"https:\/\/api.w.org\/{rel}","templated":true}]}}