{"id":637,"date":"2025-01-24T20:34:22","date_gmt":"2025-01-24T19:34:22","guid":{"rendered":"https:\/\/kiaro-skuro.com\/?page_id=637"},"modified":"2025-11-13T17:20:17","modified_gmt":"2025-11-13T16:20:17","slug":"about","status":"publish","type":"page","link":"https:\/\/kiaro-skuro.com\/fr\/about\/","title":{"rendered":"A Propos"},"content":{"rendered":"<section class=\"section dark\" id=\"section_1704130571\">\n\t\t<div class=\"section-bg fill\" >\n\t\t\t<img loading=\"lazy\" decoding=\"async\" width=\"2560\" height=\"1920\" src=\"https:\/\/kiaro-skuro.com\/wp-content\/uploads\/2025\/01\/20241113_172518-scaled.jpg\" class=\"bg attachment- size-\" alt=\"\" \/>\t\t\t\t\t\t<div class=\"section-bg-overlay absolute fill\"><\/div>\n\t\t\t\n\n\t\t<\/div>\n\n\t\t\n\n\t\t<div class=\"section-content relative\">\n\t\t\t\n\n<div class=\"row\"  id=\"row-1784508858\">\n\n\n\t<div id=\"col-1671128820\" class=\"col small-12 large-12\"  >\n\t\t\t\t<div class=\"col-inner\"  >\n\t\t\t\n\t\t\t\n\n\t<div id=\"gap-708720560\" class=\"gap-element clearfix\" style=\"display:block; height:auto;\">\n\t\t\n<style>\n#gap-708720560 {\n  padding-top: 30px;\n}\n<\/style>\n\t<\/div>\n\t\n\n\t<div id=\"text-3182835594\" class=\"text\">\n\t\t\n\n<h1>A PROPOS<\/h1>\n\t\t\n<style>\n#text-3182835594 {\n  font-size: 1.6rem;\n  text-align: center;\n}\n<\/style>\n\t<\/div>\n\t\n\n\t\t<\/div>\n\t\t\t\t\t<\/div>\n\n\t\n\n<\/div>\n\n\t\t<\/div>\n\n\t\t\n<style>\n#section_1704130571 {\n  padding-top: 30px;\n  padding-bottom: 30px;\n  min-height: 350px;\n}\n#section_1704130571 .section-bg-overlay {\n  background-color: rgba(0, 0, 0, 0.244);\n}\n<\/style>\n\t<\/section>\n\t\n\n\t<section class=\"section\" id=\"section_243096534\">\n\t\t<div class=\"section-bg fill\" >\n\t\t\t\t\t\t\t\t\t\n\t\t\t\n\n\t\t<\/div>\n\n\t\t\n\n\t\t<div class=\"section-content relative\">\n\t\t\t\n\n<div class=\"row\"  id=\"row-1552322753\">\n\n\n\t<div id=\"col-1154438964\" class=\"col small-12 large-12\"  >\n\t\t\t\t<div class=\"col-inner\"  >\n\t\t\t\n\t\t\t\n\n\t<div id=\"gap-1508053540\" class=\"gap-element clearfix\" style=\"display:block; height:auto;\">\n\t\t\n<style>\n#gap-1508053540 {\n  padding-top: 30px;\n}\n<\/style>\n\t<\/div>\n\t\n\n\t<div id=\"stack-2508851019\" class=\"stack stack-row justify-between items-stretch\">\n\t\t\n\n\t<div id=\"text-84274044\" class=\"text\">\n\t\t\n\n<h3>Salut et bienvenue sur kiaro\u2019skuro, une toute petite boutique enti\u00e8rement g\u00e9r\u00e9e par une femme !<\/h3>\n\t\t\n<style>\n#text-84274044 {\n  font-size: 1rem;\n  line-height: 1.05;\n  text-align: center;\n}\n@media (min-width:550px) {\n  #text-84274044 {\n    font-size: 2rem;\n  }\n}\n<\/style>\n\t<\/div>\n\t\n\n\t\t\n<style>\n#stack-2508851019 > * {\n  --stack-gap: 0rem;\n}\n<\/style>\n\t<\/div>\n\t\n\n\t\t<\/div>\n\t\t\t\t\t<\/div>\n\n\t\n\n<\/div>\n<div class=\"row row-large\"  id=\"row-1243203300\">\n\n\n\t<div id=\"col-1865961164\" class=\"col small-12 large-12\"  >\n\t\t\t\t<div class=\"col-inner\"  >\n\t\t\t\n\t\t\t\n\n<p>Il \u00e9tait une fois une femme qui voulait cr\u00e9er sa propre aventure.<\/p>\n\n\t\t<\/div>\n\t\t\t\t\t<\/div>\n\n\t\n\n<\/div>\n\n\t\t<\/div>\n\n\t\t\n<style>\n#section_243096534 {\n  padding-top: 10px;\n  padding-bottom: 10px;\n}\n<\/style>\n\t<\/section>\n\t\n\n\t<section class=\"section\" id=\"section_1823047807\">\n\t\t<div class=\"section-bg fill\" >\n\t\t\t\t\t\t\t\t\t\n\t\t\t\n\n\t\t<\/div>\n\n\t\t\n\n\t\t<div class=\"section-content relative\">\n\t\t\t\n\n<div class=\"row\"  id=\"row-1347621866\">\n\n\n\t<div id=\"col-1833778931\" class=\"col small-12 large-12\"  >\n\t\t\t\t<div class=\"col-inner\"  >\n\t\t\t\n\t\t\t\n\n\t<div id=\"gap-1529488894\" class=\"gap-element clearfix\" style=\"display:block; height:auto;\">\n\t\t\n<style>\n#gap-1529488894 {\n  padding-top: 30px;\n}\n<\/style>\n\t<\/div>\n\t\n\n\t<div id=\"stack-2621551425\" class=\"stack stack-row justify-between items-stretch\">\n\t\t\n\n\t<div id=\"text-1854454733\" class=\"text\">\n\t\t\n\n<h4>Qui suis-je ?<\/h4>\n\t\t\n<style>\n#text-1854454733 {\n  font-size: 1rem;\n  line-height: 0.75;\n}\n@media (min-width:550px) {\n  #text-1854454733 {\n    font-size: 2rem;\n  }\n}\n<\/style>\n\t<\/div>\n\t\n\n\t\t\n<style>\n#stack-2621551425 > * {\n  --stack-gap: 0rem;\n}\n<\/style>\n\t<\/div>\n\t\n\n\t\t<\/div>\n\t\t\t\t\t<\/div>\n\n\t\n\n<\/div>\n<div class=\"row row-large\"  id=\"row-477212878\">\n\n\n\t<div id=\"col-141875727\" class=\"col small-12 large-12\"  >\n\t\t\t\t<div class=\"col-inner\"  >\n\t\t\t\n\t\t\t\n\n<p>Je suis styliste mod\u00e9liste, je suis artiste multidisciplinaire, je suis historienne de l\u2019art, introvertie assum\u00e9e et un peu mal \u00e0 l\u2019aise en soci\u00e9t\u00e9, un m\u00e9lange un peu particulier \u2013 mais vachement styl\u00e9 \u2013 d\u2019intello et geek ! Ah, et le pire ? Je suis une femme mill\u00e9niale ! \u00c7a devrait expliquer toutes les id\u00e9es \u00e9parpill\u00e9es que tu as vues sur le site.<\/p>\n<p>J\u2019ai d\u00e9cid\u00e9 de lancer ma propre entreprise. Au d\u00e9but, j\u2019avais pens\u00e9 travailler exclusivement en tant que styliste mod\u00e9liste ind\u00e9pendante, mais je ne voulais pas limiter ma cr\u00e9ativit\u00e9. J\u2019ai tellement d\u2019id\u00e9es de cr\u00e9ations diverses et je veux pouvoir les partager avec une audience plus large.<\/p>\n<p>A travers kiaro\u2019skuro, je suis designer, couturi\u00e8re, artiste, manager r\u00e9seaux sociaux, designer web, service client et tout le reste.<\/p>\n\n\t\t<\/div>\n\t\t\t\t\t<\/div>\n\n\t\n\n<\/div>\n\n\t\t<\/div>\n\n\t\t\n<style>\n#section_1823047807 {\n  padding-top: 1px;\n  padding-bottom: 1px;\n}\n<\/style>\n\t<\/section>\n\t\n\n\t<section class=\"section\" id=\"section_1783867190\">\n\t\t<div class=\"section-bg fill\" >\n\t\t\t\t\t\t\t\t\t\n\t\t\t\n\n\t\t<\/div>\n\n\t\t\n\n\t\t<div class=\"section-content relative\">\n\t\t\t\n\n<div class=\"row\"  id=\"row-442214398\">\n\n\n\t<div id=\"col-484237519\" class=\"col small-12 large-12\"  >\n\t\t\t\t<div class=\"col-inner\"  >\n\t\t\t\n\t\t\t\n\n\t<div id=\"gap-2008451909\" class=\"gap-element clearfix\" style=\"display:block; height:auto;\">\n\t\t\n<style>\n#gap-2008451909 {\n  padding-top: 30px;\n}\n<\/style>\n\t<\/div>\n\t\n\n\t<div id=\"stack-861132162\" class=\"stack stack-row justify-between items-stretch\">\n\t\t\n\n\t<div id=\"text-4157935375\" class=\"text\">\n\t\t\n\n<h4>Comment tout a commenc\u00e9 ?<\/h4>\n\t\t\n<style>\n#text-4157935375 {\n  font-size: 1rem;\n  line-height: 0.75;\n}\n@media (min-width:550px) {\n  #text-4157935375 {\n    font-size: 2rem;\n  }\n}\n<\/style>\n\t<\/div>\n\t\n\n\t\t\n<style>\n#stack-861132162 > * {\n  --stack-gap: 0rem;\n}\n<\/style>\n\t<\/div>\n\t\n\n\t\t<\/div>\n\t\t\t\t\t<\/div>\n\n\t\n\n<\/div>\n<div class=\"row row-large\"  id=\"row-1373762973\">\n\n\n\t<div id=\"col-1636084881\" class=\"col small-12 large-12\"  >\n\t\t\t\t<div class=\"col-inner\"  >\n\t\t\t\n\t\t\t\n\n<p>En tant qu\u2019artiste, designer et historienne, je suis toujours en cr\u00e9ation de diff\u00e9rentes choses, via des m\u00e9dias mixtes, qui normalement ne se m\u00e9langent pas ensemble, mais qui me constituent enti\u00e8rement.<\/p>\n<p>Je me suis lanc\u00e9e dans ce projet pour pouvoir librement poursuivre toutes les envies qui me tiennent \u00e0 c\u0153ur, en mettant \u00e0 profit les multiples savoir-faire que j\u2019ai cultiv\u00e9s au fil du temps.\u00a0<\/p>\n<p>Ce travail s\u2019adresse \u00e0 celles et ceux qui appr\u00e9cient la qualit\u00e9 fait-main, et des objets con\u00e7us avec soin, pour rendre la vie aussi simple que possible.<\/p>\n<p>Ici, il ne s\u2019agit pas de se restreindre \u00e0 une niche, mais bien embrasser toutes les facettes de soi.<\/p>\n\n\t\t<\/div>\n\t\t\t\t\t<\/div>\n\n\t\n\n<\/div>\n\n\t\t<\/div>\n\n\t\t\n<style>\n#section_1783867190 {\n  padding-top: 1px;\n  padding-bottom: 1px;\n}\n<\/style>\n\t<\/section>\n\t\n\n\t<section class=\"section\" id=\"section_494211176\">\n\t\t<div class=\"section-bg fill\" >\n\t\t\t\t\t\t\t\t\t\n\t\t\t\n\n\t\t<\/div>\n\n\t\t\n\n\t\t<div class=\"section-content relative\">\n\t\t\t\n\n<div class=\"row\"  id=\"row-255921034\">\n\n\n\t<div id=\"col-98848659\" class=\"col small-12 large-12\"  >\n\t\t\t\t<div class=\"col-inner\"  >\n\t\t\t\n\t\t\t\n\n\t<div id=\"gap-1089240759\" class=\"gap-element clearfix\" style=\"display:block; height:auto;\">\n\t\t\n<style>\n#gap-1089240759 {\n  padding-top: 30px;\n}\n<\/style>\n\t<\/div>\n\t\n\n\t<div id=\"stack-2396561387\" class=\"stack stack-row justify-between items-stretch\">\n\t\t\n\n\t<div id=\"text-1920188927\" class=\"text\">\n\t\t\n\n<h4>Qu\u2019est-ce que je fais ?<\/h4>\n\t\t\n<style>\n#text-1920188927 {\n  font-size: 1rem;\n  line-height: 0.75;\n}\n@media (min-width:550px) {\n  #text-1920188927 {\n    font-size: 2rem;\n  }\n}\n<\/style>\n\t<\/div>\n\t\n\n\t\t\n<style>\n#stack-2396561387 > * {\n  --stack-gap: 0rem;\n}\n<\/style>\n\t<\/div>\n\t\n\n\t\t<\/div>\n\t\t\t\t\t<\/div>\n\n\t\n\n<\/div>\n<div class=\"row row-large\"  id=\"row-933402264\">\n\n\n\t<div id=\"col-532528180\" class=\"col small-12 large-12\"  >\n\t\t\t\t<div class=\"col-inner\"  >\n\t\t\t\n\t\t\t\n\n<p>Bon, je fais plein de choses ! Et je les fais moi-m\u00eame, toute seule, il n\u2019y a que moi.<\/p>\n<p>Je con\u00e7ois et couds des sacs \u00e0 mains \u00e0 partir de tissus invendus et tissus provenant de fin de rouleaux habituellement vendus en coupons. L\u2019industrie de la mode \u2013 mode expression ou luxe \u2013 est responsable de beaucoup de d\u00e9chets et pollution. Dans un effort de r\u00e9duire le gaspillage et \u00eatre s\u00fbre que ces tissus ne finiront pas dans des d\u00e9charges, j\u2019ai d\u00e9cid\u00e9 d\u2019essayer de travailler exclusivement avec ces tissus-l\u00e0, en tentant de leurs donner une nouvelle vie. Ce qui est int\u00e9ressant dans cette initiative c\u2019est que les stocks sont assez limit\u00e9s. Je ne peux que faire un petit nombre de produits avec le m\u00eame tissu ; ce qui veut dire que toi et une poign\u00e9e d\u2019autre personne pourraient avoir ce sac !<\/p>\n<p>Qu\u2019est-ce qui plus luxueux de poss\u00e9der un sac fait \u00e0 la main, \u00e9coresponsable et en \u00e9dition tr\u00e8s limit\u00e9e ?<\/p>\n<p>Je cr\u00e9e \u00e9galement des designs de t-shirt qui sont, objectivement, hilarants et un peu d\u00e9rang\u00e9s. Tout est imprim\u00e9 et exp\u00e9di\u00e9 en partenariat avec Printful. Le partenariat avec cette plateforme est un autre effort \u00e9coresponsable, si on imprime sur demande il n\u2019y a pas de stocks sans fin qui risquent de ne pas se vendre. Les id\u00e9es des designs, bah, on a tous des strat\u00e9gies d\u2019adaptations pour nos petites luttes quotidiennes, l\u2019une des miennes est l\u2019humour noire et le sarcasme. Je sais que je ne suis pas la seule, donc j\u2019ai voulu les partager.<\/p>\n<p>J\u2019adore dessiner, j\u2019adore colori\u00e9, et je pr\u00e9f\u00e8re choisir mes dessins sans avoir \u00e0 prendre un livre entier. J\u2019ai donc ajout\u00e9 une section pour des pages de coloriages t\u00e9l\u00e9chargeables. Le coloriage est une activit\u00e9 pour tout \u00e2ge et tout genre. C\u2019est un exercice relaxant et attentif, qui permet \u00e0 ton cerveau de lib\u00e9rer ta cr\u00e9ativit\u00e9 et ton stress. Une fois t\u00e9l\u00e9charg\u00e9e, le dessin d\u2019appartient, et il est \u00e0 toi \u00e0 imprimer au tant de fois que tu le souhaites !<\/p>\n<p>Je sais que tu as vu l\u2019\u00e9dition limit\u00e9e des produits crochet ; j\u2019ai une bonne raison pour \u00e7a je te promets ! Voil\u00e0, donc, je fais du crochet \u00e0 outrance, et je finis avec tellement de trucs que je ne peux absolument plus loger chez moi et je ne peux plus en faire des cadeaux, j\u2019ai atteint mon quota de cadeaux crochets. Donc, ils sont \u00e0 toi va choisir ceux qui te plaisent !<\/p>\n<a href=\"\/fr\/shop\/\" class=\"button primary\" >\n\t\t<span>D\u00e9couvrir la boutique<\/span>\n\t<\/a>\n\n\n\n\t\t<\/div>\n\t\t\t\t\t<\/div>\n\n\t\n\n<\/div>\n\n\t\t<\/div>\n\n\t\t\n<style>\n#section_494211176 {\n  padding-top: 1px;\n  padding-bottom: 1px;\n}\n<\/style>\n\t<\/section>\n\t\n\n\t<section class=\"section\" id=\"section_1903382777\">\n\t\t<div class=\"section-bg fill\" >\n\t\t\t\t\t\t\t\t\t\n\t\t\t\n\n\t\t<\/div>\n\n\t\t\n\n\t\t<div class=\"section-content relative\">\n\t\t\t\n\n<div class=\"row\"  id=\"row-1629353265\">\n\n\n\t<div id=\"col-558464448\" class=\"col small-12 large-12\"  >\n\t\t\t\t<div class=\"col-inner\"  >\n\t\t\t\n\t\t\t\n\n\t<div id=\"gap-613843591\" class=\"gap-element clearfix\" style=\"display:block; height:auto;\">\n\t\t\n<style>\n#gap-613843591 {\n  padding-top: 30px;\n}\n<\/style>\n\t<\/div>\n\t\n\n\t<div id=\"stack-3341823207\" class=\"stack stack-row justify-between items-stretch\">\n\t\t\n\n\t<div id=\"text-477458634\" class=\"text\">\n\t\t\n\n<h4>Pourquoi kiaro\u2019skuro ? Et qu\u2019est-ce que \u00e7a veut dire ?<\/h4>\n\t\t\n<style>\n#text-477458634 {\n  font-size: 1rem;\n  line-height: 0.75;\n}\n@media (min-width:550px) {\n  #text-477458634 {\n    font-size: 2rem;\n  }\n}\n<\/style>\n\t<\/div>\n\t\n\n\t\t\n<style>\n#stack-3341823207 > * {\n  --stack-gap: 0rem;\n}\n<\/style>\n\t<\/div>\n\t\n\n\t\t<\/div>\n\t\t\t\t\t<\/div>\n\n\t\n\n<\/div>\n<div class=\"row row-large\"  id=\"row-492961127\">\n\n\n\t<div id=\"col-444394994\" class=\"col small-12 large-12\"  >\n\t\t\t\t<div class=\"col-inner\"  >\n\t\t\t\n\t\t\t\n\n<p>kiaro\u2019skuro est une r\u00e9\u00e9criture du mot italien \u00ab chiaroscuro \u00bb qui se traduit directement \u00e0 \u00ab clair-obscur \u00bb en fran\u00e7ais et \u00ab light-dark \u00bb en anglais.<\/p>\n<p>C\u2019est une technique de peinture qui balance la lumi\u00e8re et l\u2019ombre, pour cr\u00e9er de puissants contrastes sur la toile. Cette technique a \u00e9t\u00e9 popularis\u00e9e par un de mes peintres italiens pr\u00e9f\u00e9r\u00e9s, le maitre du chiaroscuo Micheal Angelo di Caravaggio lui-m\u00eame.<\/p>\n<p>Chiaroscuro r\u00e9unit deux extr\u00eames en une pr\u00e9sence de force, il y a de la beaut\u00e9 dans l\u2019obscurit\u00e9 et elle est toujours travers\u00e9e par la lumi\u00e8re.<\/p>\n\n\t\t<\/div>\n\t\t\t\t\t<\/div>\n\n\t\n\n<\/div>\n\n\t\t<\/div>\n\n\t\t\n<style>\n#section_1903382777 {\n  padding-top: 1px;\n  padding-bottom: 1px;\n}\n<\/style>\n\t<\/section>\n\t\n\n\t<section class=\"section\" id=\"section_1916353897\">\n\t\t<div class=\"section-bg fill\" >\n\t\t\t\t\t\t\t\t\t\n\t\t\t\n\n\t\t<\/div>\n\n\t\t\n\n\t\t<div class=\"section-content relative\">\n\t\t\t\n\n<div class=\"row\"  id=\"row-1106724941\">\n\n\n\t<div id=\"col-815206740\" class=\"col small-12 large-12\"  >\n\t\t\t\t<div class=\"col-inner\"  >\n\t\t\t\n\t\t\t\n\n\t<div id=\"gap-1076331455\" class=\"gap-element clearfix\" style=\"display:block; height:auto;\">\n\t\t\n<style>\n#gap-1076331455 {\n  padding-top: 30px;\n}\n<\/style>\n\t<\/div>\n\t\n\n\t<div id=\"stack-2085122661\" class=\"stack stack-row justify-between items-stretch\">\n\t\t\n\n\t<div id=\"text-2868576593\" class=\"text\">\n\t\t\n\n<h4>Quelles sont mes valeurs et vibes principales ?<\/h4>\n\t\t\n<style>\n#text-2868576593 {\n  font-size: 1rem;\n  line-height: 0.75;\n}\n@media (min-width:550px) {\n  #text-2868576593 {\n    font-size: 2rem;\n  }\n}\n<\/style>\n\t<\/div>\n\t\n\n\t\t\n<style>\n#stack-2085122661 > * {\n  --stack-gap: 0rem;\n}\n<\/style>\n\t<\/div>\n\t\n\n\t\t<\/div>\n\t\t\t\t\t<\/div>\n\n\t\n\n<\/div>\n<div class=\"row row-large\"  id=\"row-514985242\">\n\n\n\t<div id=\"col-1777996125\" class=\"col small-12 large-12\"  >\n\t\t\t\t<div class=\"col-inner\"  >\n\t\t\t\n\t\t\t\n\n<ul>\n<li>Pleine Conscience<\/li>\n<li>Artisanat<\/li>\n<li>Durabilit\u00e9<\/li>\n<li>Exclusivit\u00e9<\/li>\n<li>F\u00e9minisme<\/li>\n<li>Droits de l'Homme<\/li>\n<\/ul>\n<p>Et bien s\u00fbr, le pouvoir magique du bien-\u00eatre cr\u00e9atif<\/p>\n\n\t\t<\/div>\n\t\t\t\t\t<\/div>\n\n\t\n\n<\/div>\n\n\t\t<\/div>\n\n\t\t\n<style>\n#section_1916353897 {\n  padding-top: 1px;\n  padding-bottom: 1px;\n}\n<\/style>\n\t<\/section>\n\t\n\n\t<section class=\"section\" id=\"section_655603922\">\n\t\t<div class=\"section-bg fill\" >\n\t\t\t\t\t\t\t\t\t\n\t\t\t\n\n\t\t<\/div>\n\n\t\t\n\n\t\t<div class=\"section-content relative\">\n\t\t\t\n\n<div class=\"row\"  id=\"row-1483918982\">\n\n\n\t<div id=\"col-795360956\" class=\"col small-12 large-12\"  >\n\t\t\t\t<div class=\"col-inner\"  >\n\t\t\t\n\t\t\t\n\n\t<div id=\"gap-1039358225\" class=\"gap-element clearfix\" style=\"display:block; height:auto;\">\n\t\t\n<style>\n#gap-1039358225 {\n  padding-top: 30px;\n}\n<\/style>\n\t<\/div>\n\t\n\n\t<div id=\"stack-1570779175\" class=\"stack stack-row justify-between items-stretch\">\n\t\t\n\n\t<div id=\"text-2042316002\" class=\"text\">\n\t\t\n\n<h4>Je te remercie d\u2019avoir lu et d\u2019avoir soutenu une petite entreprise, la mode \u00e9coresponsable et d\u2019avoir embarqu\u00e9 dans cette aventure avec moi !<\/h4>\n\t\t\n<style>\n#text-2042316002 {\n  font-size: 1rem;\n  line-height: 0.75;\n}\n@media (min-width:550px) {\n  #text-2042316002 {\n    font-size: 2rem;\n  }\n}\n<\/style>\n\t<\/div>\n\t\n\n\t\t\n<style>\n#stack-1570779175 > * {\n  --stack-gap: 0rem;\n}\n<\/style>\n\t<\/div>\n\t\n\n\t\t<\/div>\n\t\t\t\t\t<\/div>\n\n\t\n\n<\/div>\n<div class=\"row row-large\"  id=\"row-1873583155\">\n\n\n\t<div id=\"col-1809480173\" class=\"col small-12 large-12\"  >\n\t\t\t\t<div class=\"col-inner\"  >\n\t\t\t\n\t\t\t\n\n\n\n\t\t<\/div>\n\t\t\t\t\t<\/div>\n\n\t\n\n<\/div>\n\n\t\t<\/div>\n\n\t\t\n<style>\n#section_655603922 {\n  padding-top: 15px;\n  padding-bottom: 15px;\n}\n<\/style>\n\t<\/section>","protected":false},"excerpt":{"rendered":"","protected":false},"author":1,"featured_media":0,"parent":0,"menu_order":0,"comment_status":"closed","ping_status":"closed","template":"","meta":{"footnotes":""},"class_list":["post-637","page","type-page","status-publish","hentry"],"jetpack_sharing_enabled":true,"_links":{"self":[{"href":"https:\/\/kiaro-skuro.com\/fr\/wp-json\/wp\/v2\/pages\/637","targetHints":{"allow":["GET"]}}],"collection":[{"href":"https:\/\/kiaro-skuro.com\/fr\/wp-json\/wp\/v2\/pages"}],"about":[{"href":"https:\/\/kiaro-skuro.com\/fr\/wp-json\/wp\/v2\/types\/page"}],"author":[{"embeddable":true,"href":"https:\/\/kiaro-skuro.com\/fr\/wp-json\/wp\/v2\/users\/1"}],"replies":[{"embeddable":true,"href":"https:\/\/kiaro-skuro.com\/fr\/wp-json\/wp\/v2\/comments?post=637"}],"version-history":[{"count":11,"href":"https:\/\/kiaro-skuro.com\/fr\/wp-json\/wp\/v2\/pages\/637\/revisions"}],"predecessor-version":[{"id":2668,"href":"https:\/\/kiaro-skuro.com\/fr\/wp-json\/wp\/v2\/pages\/637\/revisions\/2668"}],"wp:attachment":[{"href":"https:\/\/kiaro-skuro.com\/fr\/wp-json\/wp\/v2\/media?parent=637"}],"curies":[{"name":"wp","href":"https:\/\/api.w.org\/{rel}","templated":true}]}}